{"id":32,"date":"2017-11-28T15:59:49","date_gmt":"2017-11-28T15:59:49","guid":{"rendered":"http:\/\/proyectoscprgijon.es\/gamificacion\/?page_id=32"},"modified":"2018-05-30T07:36:03","modified_gmt":"2018-05-30T07:36:03","slug":"inicio","status":"publish","type":"page","link":"https:\/\/proyectoscprgijon.es\/gamificacion\/inicio\/","title":{"rendered":"Inicio"},"content":{"rendered":"<p>Poder Cylon<br \/>\n\t\t\t\tDestrucci\u00f3n del Battlestar Galactica<br \/>\n\t\t\t\t\t\t\t\t\t75%<br \/>\n\t\t\t\t\t\tPoder Galactica<br \/>\n\t\t\t\tDestrucci\u00f3n de los Cylon<br \/>\n\t\t\t\t\t\t\t\t\t50%<\/p>\n<p style=\"text-align: center;\">Aprendizaje basado en juegos<\/p>\n<p style=\"text-align: center;\">Gamificaci\u00f3n<\/p>\n","protected":false},"excerpt":{"rendered":"<p>Poder Cylon Destrucci\u00f3n del Battlestar Galactica 75% Poder Galactica Destrucci\u00f3n de los Cylon 50% Aprendizaje basado en juegos Gamificaci\u00f3n<\/p>\n","protected":false},"author":1,"featured_media":25,"parent":0,"menu_order":0,"comment_status":"closed","ping_status":"closed","template":"","meta":[],"_links":{"self":[{"href":"https:\/\/proyectoscprgijon.es\/gamificacion\/wp-json\/wp\/v2\/pages\/32"}],"collection":[{"href":"https:\/\/proyectoscprgijon.es\/gamificacion\/wp-json\/wp\/v2\/pages"}],"about":[{"href":"https:\/\/proyectoscprgijon.es\/gamificacion\/wp-json\/wp\/v2\/types\/page"}],"author":[{"embeddable":true,"href":"https:\/\/proyectoscprgijon.es\/gamificacion\/wp-json\/wp\/v2\/users\/1"}],"replies":[{"embeddable":true,"href":"https:\/\/proyectoscprgijon.es\/gamificacion\/wp-json\/wp\/v2\/comments?post=32"}],"version-history":[{"count":7,"href":"https:\/\/proyectoscprgijon.es\/gamificacion\/wp-json\/wp\/v2\/pages\/32\/revisions"}],"predecessor-version":[{"id":125,"href":"https:\/\/proyectoscprgijon.es\/gamificacion\/wp-json\/wp\/v2\/pages\/32\/revisions\/125"}],"wp:featuredmedia":[{"embeddable":true,"href":"https:\/\/proyectoscprgijon.es\/gamificacion\/wp-json\/wp\/v2\/media\/25"}],"wp:attachment":[{"href":"https:\/\/proyectoscprgijon.es\/gamificacion\/wp-json\/wp\/v2\/media?parent=32"}],"curies":[{"name":"wp","href":"https:\/\/api.w.org\/{rel}","templated":true}]}}