{"id":534,"date":"2020-03-19T15:46:56","date_gmt":"2020-03-19T15:46:56","guid":{"rendered":"http:\/\/proyectoscprgijon.es\/gamificacion\/?page_id=534"},"modified":"2020-03-19T16:01:06","modified_gmt":"2020-03-19T16:01:06","slug":"enlaces","status":"publish","type":"page","link":"https:\/\/proyectoscprgijon.es\/gamificacion\/enlaces\/","title":{"rendered":"Enlaces"},"content":{"rendered":"\n<div class=\"wp-block-columns\">\n<div class=\"wp-block-column\">\n<div class=\"wp-container-1 wp-block-group\"><div class=\"wp-block-group__inner-container\">\n<h2>Jueducaci\u00f3n<\/h2>\n<\/div><\/div>\n\n\n\n<figure class=\"wp-block-image size-large\"><a href=\"https:\/\/jueducacion.com\/\" target=\"_blank\" rel=\"noreferrer noopener\"><img loading=\"lazy\" width=\"812\" height=\"482\" src=\"http:\/\/proyectoscprgijon.es\/gamificacion\/wp-content\/uploads\/2020\/03\/jueducacion.png\" alt=\"\" class=\"wp-image-536\" srcset=\"https:\/\/proyectoscprgijon.es\/gamificacion\/wp-content\/uploads\/2020\/03\/jueducacion.png 812w, https:\/\/proyectoscprgijon.es\/gamificacion\/wp-content\/uploads\/2020\/03\/jueducacion-300x178.png 300w, https:\/\/proyectoscprgijon.es\/gamificacion\/wp-content\/uploads\/2020\/03\/jueducacion-768x456.png 768w, https:\/\/proyectoscprgijon.es\/gamificacion\/wp-content\/uploads\/2020\/03\/jueducacion-400x237.png 400w, https:\/\/proyectoscprgijon.es\/gamificacion\/wp-content\/uploads\/2020\/03\/jueducacion-800x475.png 800w, https:\/\/proyectoscprgijon.es\/gamificacion\/wp-content\/uploads\/2020\/03\/jueducacion-24x14.png 24w, https:\/\/proyectoscprgijon.es\/gamificacion\/wp-content\/uploads\/2020\/03\/jueducacion-36x21.png 36w, https:\/\/proyectoscprgijon.es\/gamificacion\/wp-content\/uploads\/2020\/03\/jueducacion-48x28.png 48w\" sizes=\"(max-width: 812px) 100vw, 812px\" \/><\/a><figcaption>Autor: \u00d3scar Recio Coll<\/figcaption><\/figure>\n\n\n\n<h2>\u00c1gora Abierta<\/h2>\n\n\n\n<figure class=\"wp-block-image size-large\"><a href=\"https:\/\/www.agorabierta.com\/\" target=\"_blank\" rel=\"noreferrer noopener\"><img loading=\"lazy\" width=\"816\" height=\"638\" src=\"http:\/\/proyectoscprgijon.es\/gamificacion\/wp-content\/uploads\/2020\/03\/agorabierta.png\" alt=\"\" class=\"wp-image-544\" srcset=\"https:\/\/proyectoscprgijon.es\/gamificacion\/wp-content\/uploads\/2020\/03\/agorabierta.png 816w, https:\/\/proyectoscprgijon.es\/gamificacion\/wp-content\/uploads\/2020\/03\/agorabierta-300x235.png 300w, https:\/\/proyectoscprgijon.es\/gamificacion\/wp-content\/uploads\/2020\/03\/agorabierta-768x600.png 768w, https:\/\/proyectoscprgijon.es\/gamificacion\/wp-content\/uploads\/2020\/03\/agorabierta-400x313.png 400w, https:\/\/proyectoscprgijon.es\/gamificacion\/wp-content\/uploads\/2020\/03\/agorabierta-800x625.png 800w, https:\/\/proyectoscprgijon.es\/gamificacion\/wp-content\/uploads\/2020\/03\/agorabierta-24x19.png 24w, https:\/\/proyectoscprgijon.es\/gamificacion\/wp-content\/uploads\/2020\/03\/agorabierta-36x28.png 36w, https:\/\/proyectoscprgijon.es\/gamificacion\/wp-content\/uploads\/2020\/03\/agorabierta-48x38.png 48w\" sizes=\"(max-width: 816px) 100vw, 816px\" \/><\/a><figcaption>Autora: Clara Cordero<\/figcaption><\/figure>\n\n\n\n<h2>1D10 en la mochila<\/h2>\n\n\n\n<figure class=\"wp-block-image size-large\"><a href=\"https:\/\/1d10enlamochila.wordpress.com\/\" target=\"_blank\" rel=\"noreferrer noopener\"><img loading=\"lazy\" width=\"811\" height=\"589\" src=\"http:\/\/proyectoscprgijon.es\/gamificacion\/wp-content\/uploads\/2020\/03\/1d10mochila.png\" alt=\"\" class=\"wp-image-547\" srcset=\"https:\/\/proyectoscprgijon.es\/gamificacion\/wp-content\/uploads\/2020\/03\/1d10mochila.png 811w, https:\/\/proyectoscprgijon.es\/gamificacion\/wp-content\/uploads\/2020\/03\/1d10mochila-300x218.png 300w, https:\/\/proyectoscprgijon.es\/gamificacion\/wp-content\/uploads\/2020\/03\/1d10mochila-768x558.png 768w, https:\/\/proyectoscprgijon.es\/gamificacion\/wp-content\/uploads\/2020\/03\/1d10mochila-400x291.png 400w, https:\/\/proyectoscprgijon.es\/gamificacion\/wp-content\/uploads\/2020\/03\/1d10mochila-800x581.png 800w, https:\/\/proyectoscprgijon.es\/gamificacion\/wp-content\/uploads\/2020\/03\/1d10mochila-24x17.png 24w, https:\/\/proyectoscprgijon.es\/gamificacion\/wp-content\/uploads\/2020\/03\/1d10mochila-36x26.png 36w, https:\/\/proyectoscprgijon.es\/gamificacion\/wp-content\/uploads\/2020\/03\/1d10mochila-48x35.png 48w\" sizes=\"(max-width: 811px) 100vw, 811px\" \/><\/a><figcaption>Autor: Natxo Mat\u00e9<\/figcaption><\/figure>\n\n\n\n<h2>Knowmada Ludens<\/h2>\n\n\n\n<figure class=\"wp-block-image size-large\"><a href=\"https:\/\/azaharatic.es\/\" target=\"_blank\" rel=\"noreferrer noopener\"><img loading=\"lazy\" width=\"926\" height=\"543\" src=\"http:\/\/proyectoscprgijon.es\/gamificacion\/wp-content\/uploads\/2020\/03\/azaharatic.png\" alt=\"\" class=\"wp-image-549\" srcset=\"https:\/\/proyectoscprgijon.es\/gamificacion\/wp-content\/uploads\/2020\/03\/azaharatic.png 926w, https:\/\/proyectoscprgijon.es\/gamificacion\/wp-content\/uploads\/2020\/03\/azaharatic-300x176.png 300w, https:\/\/proyectoscprgijon.es\/gamificacion\/wp-content\/uploads\/2020\/03\/azaharatic-768x450.png 768w, https:\/\/proyectoscprgijon.es\/gamificacion\/wp-content\/uploads\/2020\/03\/azaharatic-400x235.png 400w, https:\/\/proyectoscprgijon.es\/gamificacion\/wp-content\/uploads\/2020\/03\/azaharatic-800x469.png 800w, https:\/\/proyectoscprgijon.es\/gamificacion\/wp-content\/uploads\/2020\/03\/azaharatic-24x14.png 24w, https:\/\/proyectoscprgijon.es\/gamificacion\/wp-content\/uploads\/2020\/03\/azaharatic-36x21.png 36w, https:\/\/proyectoscprgijon.es\/gamificacion\/wp-content\/uploads\/2020\/03\/azaharatic-48x28.png 48w\" sizes=\"(max-width: 926px) 100vw, 926px\" \/><\/a><figcaption>Autora: Azahara G. Peralta<\/figcaption><\/figure>\n\n\n\n<h2>Educando en buena compa\u00f1\u00eda<\/h2>\n\n\n\n<figure class=\"wp-block-image size-large\"><a href=\"http:\/\/educompania.blogspot.com\/\" target=\"_blank\" rel=\"noreferrer noopener\"><img loading=\"lazy\" width=\"854\" height=\"609\" src=\"http:\/\/proyectoscprgijon.es\/gamificacion\/wp-content\/uploads\/2020\/03\/educandoenbuenacompania.png\" alt=\"\" class=\"wp-image-551\" srcset=\"https:\/\/proyectoscprgijon.es\/gamificacion\/wp-content\/uploads\/2020\/03\/educandoenbuenacompania.png 854w, https:\/\/proyectoscprgijon.es\/gamificacion\/wp-content\/uploads\/2020\/03\/educandoenbuenacompania-300x214.png 300w, https:\/\/proyectoscprgijon.es\/gamificacion\/wp-content\/uploads\/2020\/03\/educandoenbuenacompania-768x548.png 768w, https:\/\/proyectoscprgijon.es\/gamificacion\/wp-content\/uploads\/2020\/03\/educandoenbuenacompania-400x285.png 400w, https:\/\/proyectoscprgijon.es\/gamificacion\/wp-content\/uploads\/2020\/03\/educandoenbuenacompania-800x570.png 800w, https:\/\/proyectoscprgijon.es\/gamificacion\/wp-content\/uploads\/2020\/03\/educandoenbuenacompania-24x17.png 24w, https:\/\/proyectoscprgijon.es\/gamificacion\/wp-content\/uploads\/2020\/03\/educandoenbuenacompania-36x26.png 36w, https:\/\/proyectoscprgijon.es\/gamificacion\/wp-content\/uploads\/2020\/03\/educandoenbuenacompania-48x34.png 48w\" sizes=\"(max-width: 854px) 100vw, 854px\" \/><\/a><figcaption>Autores: Andrea Vit\u00f3rica y Miguel Urd\u00edn<\/figcaption><\/figure>\n\n\n\n<h2>Cat\u00e1logo de experiencias l\u00fadicas<\/h2>\n\n\n\n<figure class=\"wp-block-image size-large\"><a href=\"https:\/\/www.elcel.org\/es\/\" target=\"_blank\" rel=\"noreferrer noopener\"><img loading=\"lazy\" width=\"846\" height=\"526\" src=\"http:\/\/proyectoscprgijon.es\/gamificacion\/wp-content\/uploads\/2020\/03\/elcel.png\" alt=\"\" class=\"wp-image-553\" srcset=\"https:\/\/proyectoscprgijon.es\/gamificacion\/wp-content\/uploads\/2020\/03\/elcel.png 846w, https:\/\/proyectoscprgijon.es\/gamificacion\/wp-content\/uploads\/2020\/03\/elcel-300x187.png 300w, https:\/\/proyectoscprgijon.es\/gamificacion\/wp-content\/uploads\/2020\/03\/elcel-768x478.png 768w, https:\/\/proyectoscprgijon.es\/gamificacion\/wp-content\/uploads\/2020\/03\/elcel-400x249.png 400w, https:\/\/proyectoscprgijon.es\/gamificacion\/wp-content\/uploads\/2020\/03\/elcel-800x497.png 800w, https:\/\/proyectoscprgijon.es\/gamificacion\/wp-content\/uploads\/2020\/03\/elcel-24x15.png 24w, https:\/\/proyectoscprgijon.es\/gamificacion\/wp-content\/uploads\/2020\/03\/elcel-36x22.png 36w, https:\/\/proyectoscprgijon.es\/gamificacion\/wp-content\/uploads\/2020\/03\/elcel-48x30.png 48w\" sizes=\"(max-width: 846px) 100vw, 846px\" \/><\/a><figcaption>Coordinaci\u00f3n: Laboratori de Jocs<\/figcaption><\/figure>\n<\/div>\n\n\n\n<div class=\"wp-block-column\">\n<h2>A la luz de una bombilla<\/h2>\n\n\n\n<figure class=\"wp-block-image size-large\"><a href=\"https:\/\/www.alaluzdeunabombilla.com\/\" target=\"_blank\" rel=\"noreferrer noopener\"><img loading=\"lazy\" width=\"856\" height=\"664\" src=\"http:\/\/proyectoscprgijon.es\/gamificacion\/wp-content\/uploads\/2020\/03\/alaluzdeunabombilla.png\" alt=\"\" class=\"wp-image-541\" srcset=\"https:\/\/proyectoscprgijon.es\/gamificacion\/wp-content\/uploads\/2020\/03\/alaluzdeunabombilla.png 856w, https:\/\/proyectoscprgijon.es\/gamificacion\/wp-content\/uploads\/2020\/03\/alaluzdeunabombilla-300x233.png 300w, https:\/\/proyectoscprgijon.es\/gamificacion\/wp-content\/uploads\/2020\/03\/alaluzdeunabombilla-768x596.png 768w, https:\/\/proyectoscprgijon.es\/gamificacion\/wp-content\/uploads\/2020\/03\/alaluzdeunabombilla-400x310.png 400w, https:\/\/proyectoscprgijon.es\/gamificacion\/wp-content\/uploads\/2020\/03\/alaluzdeunabombilla-800x621.png 800w, https:\/\/proyectoscprgijon.es\/gamificacion\/wp-content\/uploads\/2020\/03\/alaluzdeunabombilla-24x19.png 24w, https:\/\/proyectoscprgijon.es\/gamificacion\/wp-content\/uploads\/2020\/03\/alaluzdeunabombilla-36x28.png 36w, https:\/\/proyectoscprgijon.es\/gamificacion\/wp-content\/uploads\/2020\/03\/alaluzdeunabombilla-48x37.png 48w\" sizes=\"(max-width: 856px) 100vw, 856px\" \/><\/a><figcaption>Autor: Pepe Pedraz<\/figcaption><\/figure>\n\n\n\n<h2>Gamifica tu Aula<\/h2>\n\n\n\n<figure class=\"wp-block-image size-large\"><a href=\"https:\/\/www.gamificatuaula.org\/\" target=\"_blank\" rel=\"noreferrer noopener\"><img loading=\"lazy\" width=\"805\" height=\"449\" src=\"http:\/\/proyectoscprgijon.es\/gamificacion\/wp-content\/uploads\/2020\/03\/gamificatuaula.png\" alt=\"\" class=\"wp-image-545\" srcset=\"https:\/\/proyectoscprgijon.es\/gamificacion\/wp-content\/uploads\/2020\/03\/gamificatuaula.png 805w, https:\/\/proyectoscprgijon.es\/gamificacion\/wp-content\/uploads\/2020\/03\/gamificatuaula-300x167.png 300w, https:\/\/proyectoscprgijon.es\/gamificacion\/wp-content\/uploads\/2020\/03\/gamificatuaula-768x428.png 768w, https:\/\/proyectoscprgijon.es\/gamificacion\/wp-content\/uploads\/2020\/03\/gamificatuaula-400x223.png 400w, https:\/\/proyectoscprgijon.es\/gamificacion\/wp-content\/uploads\/2020\/03\/gamificatuaula-800x446.png 800w, https:\/\/proyectoscprgijon.es\/gamificacion\/wp-content\/uploads\/2020\/03\/gamificatuaula-24x13.png 24w, https:\/\/proyectoscprgijon.es\/gamificacion\/wp-content\/uploads\/2020\/03\/gamificatuaula-36x20.png 36w, https:\/\/proyectoscprgijon.es\/gamificacion\/wp-content\/uploads\/2020\/03\/gamificatuaula-48x27.png 48w\" sizes=\"(max-width: 805px) 100vw, 805px\" \/><\/a><figcaption>Autor\u00eda: comunidad profesorado<\/figcaption><\/figure>\n\n\n\n<h2>El maestro Manu<\/h2>\n\n\n\n<figure class=\"wp-block-image size-large\"><a href=\"http:\/\/elmaestromanu.com\/\" target=\"_blank\" rel=\"noreferrer noopener\"><img loading=\"lazy\" width=\"914\" height=\"558\" src=\"http:\/\/proyectoscprgijon.es\/gamificacion\/wp-content\/uploads\/2020\/03\/maestromanu.png\" alt=\"\" class=\"wp-image-548\" srcset=\"https:\/\/proyectoscprgijon.es\/gamificacion\/wp-content\/uploads\/2020\/03\/maestromanu.png 914w, https:\/\/proyectoscprgijon.es\/gamificacion\/wp-content\/uploads\/2020\/03\/maestromanu-300x183.png 300w, https:\/\/proyectoscprgijon.es\/gamificacion\/wp-content\/uploads\/2020\/03\/maestromanu-768x469.png 768w, https:\/\/proyectoscprgijon.es\/gamificacion\/wp-content\/uploads\/2020\/03\/maestromanu-400x244.png 400w, https:\/\/proyectoscprgijon.es\/gamificacion\/wp-content\/uploads\/2020\/03\/maestromanu-800x488.png 800w, https:\/\/proyectoscprgijon.es\/gamificacion\/wp-content\/uploads\/2020\/03\/maestromanu-24x15.png 24w, https:\/\/proyectoscprgijon.es\/gamificacion\/wp-content\/uploads\/2020\/03\/maestromanu-36x22.png 36w, https:\/\/proyectoscprgijon.es\/gamificacion\/wp-content\/uploads\/2020\/03\/maestromanu-48x29.png 48w\" sizes=\"(max-width: 914px) 100vw, 914px\" \/><\/a><figcaption>Autor: Manu S\u00e1nchez<\/figcaption><\/figure>\n\n\n\n<h2>Bebe a Mordor: Efecto l\u00fadico<\/h2>\n\n\n\n<figure class=\"wp-block-image size-large\"><a href=\"https:\/\/bebeamordor.com\/efecto-ludico\/\" target=\"_blank\" rel=\"noreferrer noopener\"><img loading=\"lazy\" width=\"819\" height=\"623\" src=\"http:\/\/proyectoscprgijon.es\/gamificacion\/wp-content\/uploads\/2020\/03\/bam-efectoludico.png\" alt=\"\" class=\"wp-image-550\" srcset=\"https:\/\/proyectoscprgijon.es\/gamificacion\/wp-content\/uploads\/2020\/03\/bam-efectoludico.png 819w, https:\/\/proyectoscprgijon.es\/gamificacion\/wp-content\/uploads\/2020\/03\/bam-efectoludico-300x228.png 300w, https:\/\/proyectoscprgijon.es\/gamificacion\/wp-content\/uploads\/2020\/03\/bam-efectoludico-768x584.png 768w, https:\/\/proyectoscprgijon.es\/gamificacion\/wp-content\/uploads\/2020\/03\/bam-efectoludico-400x304.png 400w, https:\/\/proyectoscprgijon.es\/gamificacion\/wp-content\/uploads\/2020\/03\/bam-efectoludico-800x609.png 800w, https:\/\/proyectoscprgijon.es\/gamificacion\/wp-content\/uploads\/2020\/03\/bam-efectoludico-24x18.png 24w, https:\/\/proyectoscprgijon.es\/gamificacion\/wp-content\/uploads\/2020\/03\/bam-efectoludico-36x27.png 36w, https:\/\/proyectoscprgijon.es\/gamificacion\/wp-content\/uploads\/2020\/03\/bam-efectoludico-48x37.png 48w\" sizes=\"(max-width: 819px) 100vw, 819px\" \/><\/a><figcaption>Coordinadora: Julia Iriarte<\/figcaption><\/figure>\n\n\n\n<h2>Jos\u00e9 Luis Redondo<\/h2>\n\n\n\n<figure class=\"wp-block-image size-large\"><a href=\"https:\/\/joseluisredondo.me\/\" target=\"_blank\" rel=\"noreferrer noopener\"><img loading=\"lazy\" width=\"859\" height=\"503\" src=\"http:\/\/proyectoscprgijon.es\/gamificacion\/wp-content\/uploads\/2020\/03\/joseluisredondo.png\" alt=\"\" class=\"wp-image-552\" srcset=\"https:\/\/proyectoscprgijon.es\/gamificacion\/wp-content\/uploads\/2020\/03\/joseluisredondo.png 859w, https:\/\/proyectoscprgijon.es\/gamificacion\/wp-content\/uploads\/2020\/03\/joseluisredondo-300x176.png 300w, https:\/\/proyectoscprgijon.es\/gamificacion\/wp-content\/uploads\/2020\/03\/joseluisredondo-768x450.png 768w, https:\/\/proyectoscprgijon.es\/gamificacion\/wp-content\/uploads\/2020\/03\/joseluisredondo-400x234.png 400w, https:\/\/proyectoscprgijon.es\/gamificacion\/wp-content\/uploads\/2020\/03\/joseluisredondo-800x468.png 800w, https:\/\/proyectoscprgijon.es\/gamificacion\/wp-content\/uploads\/2020\/03\/joseluisredondo-24x14.png 24w, https:\/\/proyectoscprgijon.es\/gamificacion\/wp-content\/uploads\/2020\/03\/joseluisredondo-36x21.png 36w, https:\/\/proyectoscprgijon.es\/gamificacion\/wp-content\/uploads\/2020\/03\/joseluisredondo-48x28.png 48w\" sizes=\"(max-width: 859px) 100vw, 859px\" \/><\/a><figcaption>Autor: Jos\u00e9 Luis Redondo<\/figcaption><\/figure>\n\n\n\n<h2>Cuadernos de Herodoto<\/h2>\n\n\n\n<figure class=\"wp-block-image size-large\"><a href=\"https:\/\/cuadernosdeherodoto.com\/\" target=\"_blank\" rel=\"noreferrer noopener\"><img loading=\"lazy\" width=\"934\" height=\"646\" src=\"http:\/\/proyectoscprgijon.es\/gamificacion\/wp-content\/uploads\/2020\/03\/cuadernosherodoto.png\" alt=\"\" class=\"wp-image-554\" srcset=\"https:\/\/proyectoscprgijon.es\/gamificacion\/wp-content\/uploads\/2020\/03\/cuadernosherodoto.png 934w, https:\/\/proyectoscprgijon.es\/gamificacion\/wp-content\/uploads\/2020\/03\/cuadernosherodoto-300x207.png 300w, https:\/\/proyectoscprgijon.es\/gamificacion\/wp-content\/uploads\/2020\/03\/cuadernosherodoto-768x531.png 768w, https:\/\/proyectoscprgijon.es\/gamificacion\/wp-content\/uploads\/2020\/03\/cuadernosherodoto-400x277.png 400w, https:\/\/proyectoscprgijon.es\/gamificacion\/wp-content\/uploads\/2020\/03\/cuadernosherodoto-800x553.png 800w, https:\/\/proyectoscprgijon.es\/gamificacion\/wp-content\/uploads\/2020\/03\/cuadernosherodoto-24x17.png 24w, https:\/\/proyectoscprgijon.es\/gamificacion\/wp-content\/uploads\/2020\/03\/cuadernosherodoto-36x25.png 36w, https:\/\/proyectoscprgijon.es\/gamificacion\/wp-content\/uploads\/2020\/03\/cuadernosherodoto-48x33.png 48w\" sizes=\"(max-width: 934px) 100vw, 934px\" \/><\/a><figcaption>Autor: V\u00edctor G. Mu\u00f1iz<\/figcaption><\/figure>\n<\/div>\n<\/div>\n","protected":false},"excerpt":{"rendered":"<p>Jueducaci\u00f3n \u00c1gora Abierta 1D10 en la mochila Knowmada Ludens Educando en buena compa\u00f1\u00eda Cat\u00e1logo de experiencias l\u00fadicas A la luz de una bombilla Gamifica tu Aula El maestro Manu Bebe a Mordor: Efecto l\u00fadico Jos\u00e9 Luis Redondo Cuadernos de Herodoto<\/p>\n","protected":false},"author":1,"featured_media":0,"parent":0,"menu_order":0,"comment_status":"closed","ping_status":"closed","template":"","meta":[],"_links":{"self":[{"href":"https:\/\/proyectoscprgijon.es\/gamificacion\/wp-json\/wp\/v2\/pages\/534"}],"collection":[{"href":"https:\/\/proyectoscprgijon.es\/gamificacion\/wp-json\/wp\/v2\/pages"}],"about":[{"href":"https:\/\/proyectoscprgijon.es\/gamificacion\/wp-json\/wp\/v2\/types\/page"}],"author":[{"embeddable":true,"href":"https:\/\/proyectoscprgijon.es\/gamificacion\/wp-json\/wp\/v2\/users\/1"}],"replies":[{"embeddable":true,"href":"https:\/\/proyectoscprgijon.es\/gamificacion\/wp-json\/wp\/v2\/comments?post=534"}],"version-history":[{"count":9,"href":"https:\/\/proyectoscprgijon.es\/gamificacion\/wp-json\/wp\/v2\/pages\/534\/revisions"}],"predecessor-version":[{"id":555,"href":"https:\/\/proyectoscprgijon.es\/gamificacion\/wp-json\/wp\/v2\/pages\/534\/revisions\/555"}],"wp:attachment":[{"href":"https:\/\/proyectoscprgijon.es\/gamificacion\/wp-json\/wp\/v2\/media?parent=534"}],"curies":[{"name":"wp","href":"https:\/\/api.w.org\/{rel}","templated":true}]}}