{"id":152,"date":"2017-10-11T06:17:25","date_gmt":"2017-10-11T06:17:25","guid":{"rendered":"http:\/\/proyectoscprgijon.es\/otrasmiradas\/?page_id=152"},"modified":"2017-10-11T08:47:14","modified_gmt":"2017-10-11T08:47:14","slug":"recortes-de-prensa","status":"publish","type":"page","link":"https:\/\/proyectoscprgijon.es\/otrasmiradas\/noticias\/recortes-de-prensa\/","title":{"rendered":"Recortes de prensa"},"content":{"rendered":"<ul class=\"lcp_catlist\" id=\"lcp_instance_0\"><li><a href=\"https:\/\/proyectoscprgijon.es\/otrasmiradas\/blog\/2019\/05\/27\/la-nueva-espana-el-colegio-jovellanos-pasa-revista-al-feminismo\/\">La Nueva Espa\u00f1a: El colegio Jovellanos pasa revista al feminismo<\/a><\/li><li><a href=\"https:\/\/proyectoscprgijon.es\/otrasmiradas\/blog\/2018\/12\/17\/el-comercio-el-proyecto-gijones-otras-miradas-recibe-el-premio-nacional-de-igualdad\/\">El Comercio: El proyecto gijon\u00e9s &#8220;Otras miradas&#8221; recibe el Premio Nacional de Igualdad<\/a><\/li><li><a href=\"https:\/\/proyectoscprgijon.es\/otrasmiradas\/blog\/2018\/12\/17\/la-leccion-de-gijon-a-espana\/\">La Nueva Espa\u00f1a: La lecci\u00f3n de Gij\u00f3n a Espa\u00f1a<\/a><\/li><li><a href=\"https:\/\/proyectoscprgijon.es\/otrasmiradas\/blog\/2018\/12\/17\/el-digital-de-asturias-el-principado-apoya-el-proyecto-otras-miradas-educando-en-igualdad\/\">El Digital de Asturias: El Principado apoya el proyecto &#8220;Otras miradas. Educando en igualdad&#8221;<\/a><\/li><li><a href=\"https:\/\/proyectoscprgijon.es\/otrasmiradas\/blog\/2018\/12\/17\/el-comercio-otras-miradas-premio-nacional-de-aprendizaje-servicio\/\">El Comercio: &#8216;Otras miradas&#8217;, premio nacional de Aprendizaje-Servicio<\/a><\/li><li><a href=\"https:\/\/proyectoscprgijon.es\/otrasmiradas\/blog\/2018\/12\/13\/el-comercio-quince-colegios-de-gijon-se-apuntan-a-educando-en-igualdad\/\">El Comercio: Quince colegios de Gij\u00f3n se apuntan a &#8220;Educando en igualdad&#8221;<\/a><\/li><li><a href=\"https:\/\/proyectoscprgijon.es\/otrasmiradas\/blog\/2018\/11\/29\/el-comercio-somos-ciudadanas-de-segunda-y-vivimos-en-la-periferia-de-los-derechos\/\">El Comercio: \u00abSomos ciudadanas de segunda y vivimos en la periferia de los derechos\u00bb<\/a><\/li><li><a href=\"https:\/\/proyectoscprgijon.es\/otrasmiradas\/blog\/2018\/11\/29\/la-nueva-espana-otras-miradas-del-cpr-de-gijon-premiado-por-la-lucha-contra-el-machismo\/\">La Nueva Espa\u00f1a: &#8220;Otras miradas&#8221;, del CPR de Gij\u00f3n, premiado por la lucha contra el machismo<\/a><\/li><li><a href=\"https:\/\/proyectoscprgijon.es\/otrasmiradas\/blog\/2018\/10\/17\/ser-gijon-el-proyecto-otras-miradas-vuelve-a-los-centros-educativos\/\">Ser Gij\u00f3n: El proyecto &#8220;Otras Miradas&#8221; vuelve a los centros educativos<\/a><\/li><li><a href=\"https:\/\/proyectoscprgijon.es\/otrasmiradas\/blog\/2018\/10\/17\/la-nueva-espana-alumnos-en-las-aulas-maestros-en-el-barrio\/\">La Nueva Espa\u00f1a: Alumnos en las aulas, maestros en el barrio<\/a><\/li><\/ul>\n","protected":false},"excerpt":{"rendered":"","protected":false},"author":1,"featured_media":0,"parent":18,"menu_order":0,"comment_status":"closed","ping_status":"closed","template":"","meta":[],"jetpack_sharing_enabled":true,"jetpack_shortlink":"https:\/\/wp.me\/P9oZGq-2s","jetpack_likes_enabled":true,"jetpack-related-posts":[{"id":470,"url":"https:\/\/proyectoscprgijon.es\/otrasmiradas\/el-proyecto\/","url_meta":{"origin":152,"position":0},"title":"El proyecto","date":"26 julio, 2018","format":false,"excerpt":"El proyecto \u201cOtras miradas. Educando en Igualdad y prevenci\u00f3n de la Violencia de G\u00e9nero\u201d es una iniciativa del CPR de Gij\u00f3n-Oriente y la Oficina de Pol\u00edticas de Igualdad del Ayuntamiento de Gij\u00f3n. Su finalidad es facilitar el dise\u00f1o y desarrollo de proyectos en los centros educativos de Gij\u00f3n para la\u2026","rel":"","context":"Entrada similar","img":{"alt_text":"","src":"https:\/\/i0.wp.com\/proyectoscprgijon.es\/otrasmiradas\/wp-content\/uploads\/2017\/10\/c243x204_v1_otras.jpg?resize=350%2C200","width":350,"height":200},"classes":[]},{"id":31,"url":"https:\/\/proyectoscprgijon.es\/otrasmiradas\/igualdad\/recursos-para-la-reflexion\/","url_meta":{"origin":152,"position":1},"title":"Recursos para la reflexi\u00f3n","date":"9 octubre, 2017","format":false,"excerpt":"V\u00eddeos Ana Mar\u00eda Rivas: El fondo cultural de las desigualdades. G\u00e9nero, parentesco y familia (CPR de Gij\u00f3n-Oriente, 16 de octubre de 2017) \u00a0 \u00a0 \u00a0 \u00a0 \u00a0 \u00a0 Javier Fern\u00e1ndez Teruelo: Evaluaci\u00f3n de la predicci\u00f3n y prevenci\u00f3n frente a la violencia de g\u00e9nero (CPR de Gij\u00f3n-Oriente, 16 de noviembre de\u2026","rel":"","context":"Entrada similar","img":{"alt_text":"","src":"","width":0,"height":0},"classes":[]},{"id":33,"url":"https:\/\/proyectoscprgijon.es\/otrasmiradas\/aprendizaje-servicio\/recursos-para-la-reflexion\/","url_meta":{"origin":152,"position":2},"title":"Recursos para la reflexi\u00f3n","date":"9 octubre, 2017","format":false,"excerpt":"Documentos Canvas Aprendizaje-Servicio (haz click para descargar) Dec\u00e1logo ApS e Igualdad de g\u00e9nero (haz click para descargar) V\u00eddeos Introducci\u00f3n a la metodolog\u00eda ApS (CPR de Gij\u00f3n-Oriente, 10 de octubre de 2017) Desarrollo de un proyecto ApS (CPR de Gij\u00f3n-Oriente, 16 de enero de 2018)","rel":"","context":"Entrada similar","img":{"alt_text":"","src":"","width":0,"height":0},"classes":[]},{"id":29,"url":"https:\/\/proyectoscprgijon.es\/otrasmiradas\/igualdad\/recursos-didacticos\/","url_meta":{"origin":152,"position":3},"title":"Recursos did\u00e1cticos","date":"9 octubre, 2017","format":false,"excerpt":"Documentos Abrazar la diversidad. Propuestas para una educaci\u00f3n libre de acoso homof\u00f3bio y transf\u00f3bico Abre los ojos. El amor no es ciego Gu\u00eda did\u00e1ctica \"Yo amo con buenos tratos\" Gu\u00eda did\u00e1ctica \"Ni ogros ni princesas\" V\u00eddeos Soraya Calvo (Universidad de Oviedo): Sexualidades, vinculaciones emocionales y comunicaci\u00f3n 2.0 (17 de enero\u2026","rel":"","context":"Entrada similar","img":{"alt_text":"","src":"","width":0,"height":0},"classes":[]},{"id":15,"url":"https:\/\/proyectoscprgijon.es\/otrasmiradas\/","url_meta":{"origin":152,"position":4},"title":"Inicio","date":"9 octubre, 2017","format":false,"excerpt":"Una vez terminado el proyecto en su edici\u00f3n 2018\/2019, aqu\u00ed ten\u00e9is un resumen de los proyectos realizados por los centros. Para m\u00e1s informaci\u00f3n de cada uno de ellos,\u00a0 pod\u00e9is visitar su entrada en la secci\u00f3n Centros Participantes.","rel":"","context":"Entrada similar","img":{"alt_text":"","src":"","width":0,"height":0},"classes":[]},{"id":23,"url":"https:\/\/proyectoscprgijon.es\/otrasmiradas\/aprendizaje-servicio\/","url_meta":{"origin":152,"position":5},"title":"Aprendizaje servicio","date":"9 octubre, 2017","format":false,"excerpt":"Nadie mejor que la Red espa\u00f1ola de aprendizaje-servicio para explicarnos esta metodolog\u00eda did\u00e1ctica.","rel":"","context":"Entrada similar","img":{"alt_text":"","src":"","width":0,"height":0},"classes":[]}],"_links":{"self":[{"href":"https:\/\/proyectoscprgijon.es\/otrasmiradas\/wp-json\/wp\/v2\/pages\/152"}],"collection":[{"href":"https:\/\/proyectoscprgijon.es\/otrasmiradas\/wp-json\/wp\/v2\/pages"}],"about":[{"href":"https:\/\/proyectoscprgijon.es\/otrasmiradas\/wp-json\/wp\/v2\/types\/page"}],"author":[{"embeddable":true,"href":"https:\/\/proyectoscprgijon.es\/otrasmiradas\/wp-json\/wp\/v2\/users\/1"}],"replies":[{"embeddable":true,"href":"https:\/\/proyectoscprgijon.es\/otrasmiradas\/wp-json\/wp\/v2\/comments?post=152"}],"version-history":[{"count":2,"href":"https:\/\/proyectoscprgijon.es\/otrasmiradas\/wp-json\/wp\/v2\/pages\/152\/revisions"}],"predecessor-version":[{"id":157,"href":"https:\/\/proyectoscprgijon.es\/otrasmiradas\/wp-json\/wp\/v2\/pages\/152\/revisions\/157"}],"up":[{"embeddable":true,"href":"https:\/\/proyectoscprgijon.es\/otrasmiradas\/wp-json\/wp\/v2\/pages\/18"}],"wp:attachment":[{"href":"https:\/\/proyectoscprgijon.es\/otrasmiradas\/wp-json\/wp\/v2\/media?parent=152"}],"curies":[{"name":"wp","href":"https:\/\/api.w.org\/{rel}","templated":true}]}}