{"id":201,"date":"2017-10-16T07:36:00","date_gmt":"2017-10-16T07:36:00","guid":{"rendered":"http:\/\/proyectoscprgijon.es\/otrasmiradas\/?page_id=201"},"modified":"2017-10-16T07:36:00","modified_gmt":"2017-10-16T07:36:00","slug":"recursos-didacticos","status":"publish","type":"page","link":"https:\/\/proyectoscprgijon.es\/otrasmiradas\/aprendizaje-servicio\/recursos-didacticos\/","title":{"rendered":"Recursos did\u00e1cticos"},"content":{"rendered":"","protected":false},"excerpt":{"rendered":"","protected":false},"author":1,"featured_media":0,"parent":23,"menu_order":0,"comment_status":"closed","ping_status":"closed","template":"templates\/template-fullwidth.php","meta":[],"jetpack_sharing_enabled":true,"jetpack_shortlink":"https:\/\/wp.me\/P9oZGq-3f","jetpack_likes_enabled":true,"jetpack-related-posts":[{"id":29,"url":"https:\/\/proyectoscprgijon.es\/otrasmiradas\/igualdad\/recursos-didacticos\/","url_meta":{"origin":201,"position":0},"title":"Recursos did\u00e1cticos","date":"9 octubre, 2017","format":false,"excerpt":"Documentos Abrazar la diversidad. Propuestas para una educaci\u00f3n libre de acoso homof\u00f3bio y transf\u00f3bico Abre los ojos. El amor no es ciego Gu\u00eda did\u00e1ctica \"Yo amo con buenos tratos\" Gu\u00eda did\u00e1ctica \"Ni ogros ni princesas\" V\u00eddeos Soraya Calvo (Universidad de Oviedo): Sexualidades, vinculaciones emocionales y comunicaci\u00f3n 2.0 (17 de enero\u2026","rel":"","context":"Entrada similar","img":{"alt_text":"","src":"","width":0,"height":0},"classes":[]},{"id":33,"url":"https:\/\/proyectoscprgijon.es\/otrasmiradas\/aprendizaje-servicio\/recursos-para-la-reflexion\/","url_meta":{"origin":201,"position":1},"title":"Recursos para la reflexi\u00f3n","date":"9 octubre, 2017","format":false,"excerpt":"Documentos Canvas Aprendizaje-Servicio (haz click para descargar) Dec\u00e1logo ApS e Igualdad de g\u00e9nero (haz click para descargar) V\u00eddeos Introducci\u00f3n a la metodolog\u00eda ApS (CPR de Gij\u00f3n-Oriente, 10 de octubre de 2017) Desarrollo de un proyecto ApS (CPR de Gij\u00f3n-Oriente, 16 de enero de 2018)","rel":"","context":"Entrada similar","img":{"alt_text":"","src":"","width":0,"height":0},"classes":[]},{"id":31,"url":"https:\/\/proyectoscprgijon.es\/otrasmiradas\/igualdad\/recursos-para-la-reflexion\/","url_meta":{"origin":201,"position":2},"title":"Recursos para la reflexi\u00f3n","date":"9 octubre, 2017","format":false,"excerpt":"V\u00eddeos Ana Mar\u00eda Rivas: El fondo cultural de las desigualdades. G\u00e9nero, parentesco y familia (CPR de Gij\u00f3n-Oriente, 16 de octubre de 2017) \u00a0 \u00a0 \u00a0 \u00a0 \u00a0 \u00a0 Javier Fern\u00e1ndez Teruelo: Evaluaci\u00f3n de la predicci\u00f3n y prevenci\u00f3n frente a la violencia de g\u00e9nero (CPR de Gij\u00f3n-Oriente, 16 de noviembre de\u2026","rel":"","context":"Entrada similar","img":{"alt_text":"","src":"","width":0,"height":0},"classes":[]}],"_links":{"self":[{"href":"https:\/\/proyectoscprgijon.es\/otrasmiradas\/wp-json\/wp\/v2\/pages\/201"}],"collection":[{"href":"https:\/\/proyectoscprgijon.es\/otrasmiradas\/wp-json\/wp\/v2\/pages"}],"about":[{"href":"https:\/\/proyectoscprgijon.es\/otrasmiradas\/wp-json\/wp\/v2\/types\/page"}],"author":[{"embeddable":true,"href":"https:\/\/proyectoscprgijon.es\/otrasmiradas\/wp-json\/wp\/v2\/users\/1"}],"replies":[{"embeddable":true,"href":"https:\/\/proyectoscprgijon.es\/otrasmiradas\/wp-json\/wp\/v2\/comments?post=201"}],"version-history":[{"count":1,"href":"https:\/\/proyectoscprgijon.es\/otrasmiradas\/wp-json\/wp\/v2\/pages\/201\/revisions"}],"predecessor-version":[{"id":202,"href":"https:\/\/proyectoscprgijon.es\/otrasmiradas\/wp-json\/wp\/v2\/pages\/201\/revisions\/202"}],"up":[{"embeddable":true,"href":"https:\/\/proyectoscprgijon.es\/otrasmiradas\/wp-json\/wp\/v2\/pages\/23"}],"wp:attachment":[{"href":"https:\/\/proyectoscprgijon.es\/otrasmiradas\/wp-json\/wp\/v2\/media?parent=201"}],"curies":[{"name":"wp","href":"https:\/\/api.w.org\/{rel}","templated":true}]}}