{"id":23,"date":"2017-10-09T08:24:06","date_gmt":"2017-10-09T08:24:06","guid":{"rendered":"http:\/\/proyectoscprgijon.es\/otrasmiradas\/?page_id=23"},"modified":"2017-10-11T16:40:32","modified_gmt":"2017-10-11T16:40:32","slug":"aprendizaje-servicio","status":"publish","type":"page","link":"https:\/\/proyectoscprgijon.es\/otrasmiradas\/aprendizaje-servicio\/","title":{"rendered":"Aprendizaje servicio"},"content":{"rendered":"<p>Nadie mejor que la Red espa\u00f1ola de aprendizaje-servicio para explicarnos esta metodolog\u00eda did\u00e1ctica.<\/p>\n<figure id=\"attachment_189\" aria-describedby=\"caption-attachment-189\" style=\"width: 300px\" class=\"wp-caption aligncenter\"><a href=\"https:\/\/aprendizajeservicio.net\/que-es-el-aps\/\" target=\"_blank\"><img data-attachment-id=\"189\" data-permalink=\"https:\/\/proyectoscprgijon.es\/otrasmiradas\/aprendizaje-servicio\/redaprendizajeservicio-2\/\" data-orig-file=\"https:\/\/i0.wp.com\/proyectoscprgijon.es\/otrasmiradas\/wp-content\/uploads\/2017\/10\/redaprendizajeservicio-1.png?fit=1231%2C774&amp;ssl=1\" data-orig-size=\"1231,774\" data-comments-opened=\"0\" data-image-meta=\"{&quot;aperture&quot;:&quot;0&quot;,&quot;credit&quot;:&quot;&quot;,&quot;camera&quot;:&quot;&quot;,&quot;caption&quot;:&quot;&quot;,&quot;created_timestamp&quot;:&quot;0&quot;,&quot;copyright&quot;:&quot;&quot;,&quot;focal_length&quot;:&quot;0&quot;,&quot;iso&quot;:&quot;0&quot;,&quot;shutter_speed&quot;:&quot;0&quot;,&quot;title&quot;:&quot;&quot;,&quot;orientation&quot;:&quot;0&quot;}\" data-image-title=\"Haz click para ir al sitio\" data-image-description=\"\" data-image-caption=\"&lt;p&gt;Red espa\u00f1ola de aprendizaje-servicio&lt;\/p&gt;\n\" data-medium-file=\"https:\/\/i0.wp.com\/proyectoscprgijon.es\/otrasmiradas\/wp-content\/uploads\/2017\/10\/redaprendizajeservicio-1.png?fit=300%2C189&amp;ssl=1\" data-large-file=\"https:\/\/i0.wp.com\/proyectoscprgijon.es\/otrasmiradas\/wp-content\/uploads\/2017\/10\/redaprendizajeservicio-1.png?fit=580%2C365&amp;ssl=1\" loading=\"lazy\" class=\"size-medium wp-image-189\" title=\"Haz click en la imagen para visita la web\" src=\"https:\/\/i0.wp.com\/proyectoscprgijon.es\/otrasmiradas\/wp-content\/uploads\/2017\/10\/redaprendizajeservicio-1.png?resize=300%2C189\" alt=\"\" width=\"300\" height=\"189\" srcset=\"https:\/\/i0.wp.com\/proyectoscprgijon.es\/otrasmiradas\/wp-content\/uploads\/2017\/10\/redaprendizajeservicio-1.png?resize=300%2C189&amp;ssl=1 300w, https:\/\/i0.wp.com\/proyectoscprgijon.es\/otrasmiradas\/wp-content\/uploads\/2017\/10\/redaprendizajeservicio-1.png?resize=768%2C483&amp;ssl=1 768w, https:\/\/i0.wp.com\/proyectoscprgijon.es\/otrasmiradas\/wp-content\/uploads\/2017\/10\/redaprendizajeservicio-1.png?resize=1024%2C644&amp;ssl=1 1024w, https:\/\/i0.wp.com\/proyectoscprgijon.es\/otrasmiradas\/wp-content\/uploads\/2017\/10\/redaprendizajeservicio-1.png?resize=24%2C15&amp;ssl=1 24w, https:\/\/i0.wp.com\/proyectoscprgijon.es\/otrasmiradas\/wp-content\/uploads\/2017\/10\/redaprendizajeservicio-1.png?resize=36%2C23&amp;ssl=1 36w, https:\/\/i0.wp.com\/proyectoscprgijon.es\/otrasmiradas\/wp-content\/uploads\/2017\/10\/redaprendizajeservicio-1.png?resize=48%2C30&amp;ssl=1 48w, https:\/\/i0.wp.com\/proyectoscprgijon.es\/otrasmiradas\/wp-content\/uploads\/2017\/10\/redaprendizajeservicio-1.png?w=1231&amp;ssl=1 1231w, https:\/\/i0.wp.com\/proyectoscprgijon.es\/otrasmiradas\/wp-content\/uploads\/2017\/10\/redaprendizajeservicio-1.png?w=1160 1160w\" sizes=\"(max-width: 300px) 100vw, 300px\" data-recalc-dims=\"1\" \/><\/a><figcaption id=\"caption-attachment-189\" class=\"wp-caption-text\"><center>Red espa\u00f1ola de aprendizaje-servicio<\/center><\/figcaption><\/figure>\n","protected":false},"excerpt":{"rendered":"<p>Nadie mejor que la Red espa\u00f1ola de aprendizaje-servicio para explicarnos esta metodolog\u00eda did\u00e1ctica.<\/p>\n","protected":false},"author":1,"featured_media":0,"parent":0,"menu_order":0,"comment_status":"closed","ping_status":"closed","template":"templates\/template-fullwidth.php","meta":[],"jetpack_sharing_enabled":true,"jetpack_shortlink":"https:\/\/wp.me\/P9oZGq-n","jetpack_likes_enabled":true,"jetpack-related-posts":[{"id":33,"url":"https:\/\/proyectoscprgijon.es\/otrasmiradas\/aprendizaje-servicio\/recursos-para-la-reflexion\/","url_meta":{"origin":23,"position":0},"title":"Recursos para la reflexi\u00f3n","date":"9 octubre, 2017","format":false,"excerpt":"Documentos Canvas Aprendizaje-Servicio (haz click para descargar) Dec\u00e1logo ApS e Igualdad de g\u00e9nero (haz click para descargar) V\u00eddeos Introducci\u00f3n a la metodolog\u00eda ApS (CPR de Gij\u00f3n-Oriente, 10 de octubre de 2017) Desarrollo de un proyecto ApS (CPR de Gij\u00f3n-Oriente, 16 de enero de 2018)","rel":"","context":"Entrada similar","img":{"alt_text":"","src":"","width":0,"height":0},"classes":[]},{"id":201,"url":"https:\/\/proyectoscprgijon.es\/otrasmiradas\/aprendizaje-servicio\/recursos-didacticos\/","url_meta":{"origin":23,"position":1},"title":"Recursos did\u00e1cticos","date":"16 octubre, 2017","format":false,"excerpt":"","rel":"","context":"Entrada similar","img":{"alt_text":"","src":"","width":0,"height":0},"classes":[]},{"id":470,"url":"https:\/\/proyectoscprgijon.es\/otrasmiradas\/el-proyecto\/","url_meta":{"origin":23,"position":2},"title":"El proyecto","date":"26 julio, 2018","format":false,"excerpt":"El proyecto \u201cOtras miradas. Educando en Igualdad y prevenci\u00f3n de la Violencia de G\u00e9nero\u201d es una iniciativa del CPR de Gij\u00f3n-Oriente y la Oficina de Pol\u00edticas de Igualdad del Ayuntamiento de Gij\u00f3n. Su finalidad es facilitar el dise\u00f1o y desarrollo de proyectos en los centros educativos de Gij\u00f3n para la\u2026","rel":"","context":"Entrada similar","img":{"alt_text":"","src":"https:\/\/i0.wp.com\/proyectoscprgijon.es\/otrasmiradas\/wp-content\/uploads\/2017\/10\/c243x204_v1_otras.jpg?resize=350%2C200","width":350,"height":200},"classes":[]}],"_links":{"self":[{"href":"https:\/\/proyectoscprgijon.es\/otrasmiradas\/wp-json\/wp\/v2\/pages\/23"}],"collection":[{"href":"https:\/\/proyectoscprgijon.es\/otrasmiradas\/wp-json\/wp\/v2\/pages"}],"about":[{"href":"https:\/\/proyectoscprgijon.es\/otrasmiradas\/wp-json\/wp\/v2\/types\/page"}],"author":[{"embeddable":true,"href":"https:\/\/proyectoscprgijon.es\/otrasmiradas\/wp-json\/wp\/v2\/users\/1"}],"replies":[{"embeddable":true,"href":"https:\/\/proyectoscprgijon.es\/otrasmiradas\/wp-json\/wp\/v2\/comments?post=23"}],"version-history":[{"count":5,"href":"https:\/\/proyectoscprgijon.es\/otrasmiradas\/wp-json\/wp\/v2\/pages\/23\/revisions"}],"predecessor-version":[{"id":193,"href":"https:\/\/proyectoscprgijon.es\/otrasmiradas\/wp-json\/wp\/v2\/pages\/23\/revisions\/193"}],"wp:attachment":[{"href":"https:\/\/proyectoscprgijon.es\/otrasmiradas\/wp-json\/wp\/v2\/media?parent=23"}],"curies":[{"name":"wp","href":"https:\/\/api.w.org\/{rel}","templated":true}]}}