{"id":29,"date":"2017-10-09T08:25:05","date_gmt":"2017-10-09T08:25:05","guid":{"rendered":"http:\/\/proyectoscprgijon.es\/otrasmiradas\/?page_id=29"},"modified":"2018-03-14T12:39:29","modified_gmt":"2018-03-14T12:39:29","slug":"recursos-didacticos","status":"publish","type":"page","link":"https:\/\/proyectoscprgijon.es\/otrasmiradas\/igualdad\/recursos-didacticos\/","title":{"rendered":"Recursos did\u00e1cticos"},"content":{"rendered":"<h2>Documentos<\/h2>\n<h5><a href=\"https:\/\/drive.google.com\/file\/d\/0B6FaXl0Op16fUTlwbDVaUXQyM00\/view?usp=sharing\"><img data-attachment-id=\"255\" data-permalink=\"https:\/\/proyectoscprgijon.es\/otrasmiradas\/igualdad\/recursos-didacticos\/abrazar-la-diversidad\/\" data-orig-file=\"https:\/\/i0.wp.com\/proyectoscprgijon.es\/otrasmiradas\/wp-content\/uploads\/2017\/10\/Abrazar-la-diversidad.png?fit=777%2C579&amp;ssl=1\" data-orig-size=\"777,579\" data-comments-opened=\"0\" data-image-meta=\"{&quot;aperture&quot;:&quot;0&quot;,&quot;credit&quot;:&quot;&quot;,&quot;camera&quot;:&quot;&quot;,&quot;caption&quot;:&quot;&quot;,&quot;created_timestamp&quot;:&quot;0&quot;,&quot;copyright&quot;:&quot;&quot;,&quot;focal_length&quot;:&quot;0&quot;,&quot;iso&quot;:&quot;0&quot;,&quot;shutter_speed&quot;:&quot;0&quot;,&quot;title&quot;:&quot;&quot;,&quot;orientation&quot;:&quot;0&quot;}\" data-image-title=\"Abrazar la diversidad\" data-image-description=\"\" data-image-caption=\"\" data-medium-file=\"https:\/\/i0.wp.com\/proyectoscprgijon.es\/otrasmiradas\/wp-content\/uploads\/2017\/10\/Abrazar-la-diversidad.png?fit=300%2C224&amp;ssl=1\" data-large-file=\"https:\/\/i0.wp.com\/proyectoscprgijon.es\/otrasmiradas\/wp-content\/uploads\/2017\/10\/Abrazar-la-diversidad.png?fit=580%2C432&amp;ssl=1\" loading=\"lazy\" class=\"alignnone wp-image-255\" src=\"https:\/\/i0.wp.com\/proyectoscprgijon.es\/otrasmiradas\/wp-content\/uploads\/2017\/10\/Abrazar-la-diversidad.png?resize=140%2C104\" alt=\"\" width=\"140\" height=\"104\" srcset=\"https:\/\/i0.wp.com\/proyectoscprgijon.es\/otrasmiradas\/wp-content\/uploads\/2017\/10\/Abrazar-la-diversidad.png?resize=300%2C224&amp;ssl=1 300w, https:\/\/i0.wp.com\/proyectoscprgijon.es\/otrasmiradas\/wp-content\/uploads\/2017\/10\/Abrazar-la-diversidad.png?resize=768%2C572&amp;ssl=1 768w, https:\/\/i0.wp.com\/proyectoscprgijon.es\/otrasmiradas\/wp-content\/uploads\/2017\/10\/Abrazar-la-diversidad.png?resize=24%2C18&amp;ssl=1 24w, https:\/\/i0.wp.com\/proyectoscprgijon.es\/otrasmiradas\/wp-content\/uploads\/2017\/10\/Abrazar-la-diversidad.png?resize=36%2C27&amp;ssl=1 36w, https:\/\/i0.wp.com\/proyectoscprgijon.es\/otrasmiradas\/wp-content\/uploads\/2017\/10\/Abrazar-la-diversidad.png?resize=48%2C36&amp;ssl=1 48w, https:\/\/i0.wp.com\/proyectoscprgijon.es\/otrasmiradas\/wp-content\/uploads\/2017\/10\/Abrazar-la-diversidad.png?w=777&amp;ssl=1 777w\" sizes=\"(max-width: 140px) 100vw, 140px\" data-recalc-dims=\"1\" \/>Abrazar la diversidad. Propuestas para una educaci\u00f3n libre de acoso homof\u00f3bio y transf\u00f3bico<\/a><\/h5>\n<h5><a href=\"https:\/\/drive.google.com\/file\/d\/0B6FaXl0Op16feFB4U01FRmJlQlk\/view?usp=sharing\"><img data-attachment-id=\"257\" data-permalink=\"https:\/\/proyectoscprgijon.es\/otrasmiradas\/igualdad\/recursos-didacticos\/el-amor-no-es-ciego\/\" data-orig-file=\"https:\/\/i0.wp.com\/proyectoscprgijon.es\/otrasmiradas\/wp-content\/uploads\/2017\/10\/El-amor-no-es-ciego.png?fit=391%2C594&amp;ssl=1\" data-orig-size=\"391,594\" data-comments-opened=\"0\" data-image-meta=\"{&quot;aperture&quot;:&quot;0&quot;,&quot;credit&quot;:&quot;&quot;,&quot;camera&quot;:&quot;&quot;,&quot;caption&quot;:&quot;&quot;,&quot;created_timestamp&quot;:&quot;0&quot;,&quot;copyright&quot;:&quot;&quot;,&quot;focal_length&quot;:&quot;0&quot;,&quot;iso&quot;:&quot;0&quot;,&quot;shutter_speed&quot;:&quot;0&quot;,&quot;title&quot;:&quot;&quot;,&quot;orientation&quot;:&quot;0&quot;}\" data-image-title=\"El amor no es ciego\" data-image-description=\"\" data-image-caption=\"\" data-medium-file=\"https:\/\/i0.wp.com\/proyectoscprgijon.es\/otrasmiradas\/wp-content\/uploads\/2017\/10\/El-amor-no-es-ciego.png?fit=197%2C300&amp;ssl=1\" data-large-file=\"https:\/\/i0.wp.com\/proyectoscprgijon.es\/otrasmiradas\/wp-content\/uploads\/2017\/10\/El-amor-no-es-ciego.png?fit=391%2C594&amp;ssl=1\" loading=\"lazy\" class=\"alignnone wp-image-257\" src=\"https:\/\/i0.wp.com\/proyectoscprgijon.es\/otrasmiradas\/wp-content\/uploads\/2017\/10\/El-amor-no-es-ciego.png?resize=140%2C213\" alt=\"\" width=\"140\" height=\"213\" srcset=\"https:\/\/i0.wp.com\/proyectoscprgijon.es\/otrasmiradas\/wp-content\/uploads\/2017\/10\/El-amor-no-es-ciego.png?resize=197%2C300&amp;ssl=1 197w, https:\/\/i0.wp.com\/proyectoscprgijon.es\/otrasmiradas\/wp-content\/uploads\/2017\/10\/El-amor-no-es-ciego.png?resize=16%2C24&amp;ssl=1 16w, https:\/\/i0.wp.com\/proyectoscprgijon.es\/otrasmiradas\/wp-content\/uploads\/2017\/10\/El-amor-no-es-ciego.png?resize=24%2C36&amp;ssl=1 24w, https:\/\/i0.wp.com\/proyectoscprgijon.es\/otrasmiradas\/wp-content\/uploads\/2017\/10\/El-amor-no-es-ciego.png?resize=32%2C48&amp;ssl=1 32w, https:\/\/i0.wp.com\/proyectoscprgijon.es\/otrasmiradas\/wp-content\/uploads\/2017\/10\/El-amor-no-es-ciego.png?w=391&amp;ssl=1 391w\" sizes=\"(max-width: 140px) 100vw, 140px\" data-recalc-dims=\"1\" \/>Abre los ojos. El amor no es ciego<\/a><\/h5>\n<h5><a href=\"https:\/\/drive.google.com\/file\/d\/0B6FaXl0Op16fSmUtS3NXclpoV0E\/view?usp=sharing\"><img data-attachment-id=\"258\" data-permalink=\"https:\/\/proyectoscprgijon.es\/otrasmiradas\/igualdad\/recursos-didacticos\/yo-amo-con-buenos-tratos\/\" data-orig-file=\"https:\/\/i0.wp.com\/proyectoscprgijon.es\/otrasmiradas\/wp-content\/uploads\/2017\/10\/Yo-amo-con-buenos-tratos.png?fit=414%2C585&amp;ssl=1\" data-orig-size=\"414,585\" data-comments-opened=\"0\" data-image-meta=\"{&quot;aperture&quot;:&quot;0&quot;,&quot;credit&quot;:&quot;&quot;,&quot;camera&quot;:&quot;&quot;,&quot;caption&quot;:&quot;&quot;,&quot;created_timestamp&quot;:&quot;0&quot;,&quot;copyright&quot;:&quot;&quot;,&quot;focal_length&quot;:&quot;0&quot;,&quot;iso&quot;:&quot;0&quot;,&quot;shutter_speed&quot;:&quot;0&quot;,&quot;title&quot;:&quot;&quot;,&quot;orientation&quot;:&quot;0&quot;}\" data-image-title=\"Yo amo con buenos tratos\" data-image-description=\"\" data-image-caption=\"\" data-medium-file=\"https:\/\/i0.wp.com\/proyectoscprgijon.es\/otrasmiradas\/wp-content\/uploads\/2017\/10\/Yo-amo-con-buenos-tratos.png?fit=212%2C300&amp;ssl=1\" data-large-file=\"https:\/\/i0.wp.com\/proyectoscprgijon.es\/otrasmiradas\/wp-content\/uploads\/2017\/10\/Yo-amo-con-buenos-tratos.png?fit=414%2C585&amp;ssl=1\" loading=\"lazy\" class=\"alignnone wp-image-258\" src=\"https:\/\/i0.wp.com\/proyectoscprgijon.es\/otrasmiradas\/wp-content\/uploads\/2017\/10\/Yo-amo-con-buenos-tratos.png?resize=140%2C198\" alt=\"\" width=\"140\" height=\"198\" srcset=\"https:\/\/i0.wp.com\/proyectoscprgijon.es\/otrasmiradas\/wp-content\/uploads\/2017\/10\/Yo-amo-con-buenos-tratos.png?resize=212%2C300&amp;ssl=1 212w, https:\/\/i0.wp.com\/proyectoscprgijon.es\/otrasmiradas\/wp-content\/uploads\/2017\/10\/Yo-amo-con-buenos-tratos.png?resize=17%2C24&amp;ssl=1 17w, https:\/\/i0.wp.com\/proyectoscprgijon.es\/otrasmiradas\/wp-content\/uploads\/2017\/10\/Yo-amo-con-buenos-tratos.png?resize=25%2C36&amp;ssl=1 25w, https:\/\/i0.wp.com\/proyectoscprgijon.es\/otrasmiradas\/wp-content\/uploads\/2017\/10\/Yo-amo-con-buenos-tratos.png?resize=34%2C48&amp;ssl=1 34w, https:\/\/i0.wp.com\/proyectoscprgijon.es\/otrasmiradas\/wp-content\/uploads\/2017\/10\/Yo-amo-con-buenos-tratos.png?w=414&amp;ssl=1 414w\" sizes=\"(max-width: 140px) 100vw, 140px\" data-recalc-dims=\"1\" \/>Gu\u00eda did\u00e1ctica &#8220;Yo amo con buenos tratos&#8221;<\/a><\/h5>\n<h5><a href=\"https:\/\/drive.google.com\/file\/d\/0B6FaXl0Op16fM1kzRmxSVURSVFE\/view?usp=sharing\"><img data-attachment-id=\"260\" data-permalink=\"https:\/\/proyectoscprgijon.es\/otrasmiradas\/igualdad\/recursos-didacticos\/ni-ogros-ni-princesas\/\" data-orig-file=\"https:\/\/i0.wp.com\/proyectoscprgijon.es\/otrasmiradas\/wp-content\/uploads\/2017\/10\/Ni-ogros-ni-princesas.png?fit=655%2C655&amp;ssl=1\" data-orig-size=\"655,655\" data-comments-opened=\"0\" data-image-meta=\"{&quot;aperture&quot;:&quot;0&quot;,&quot;credit&quot;:&quot;&quot;,&quot;camera&quot;:&quot;&quot;,&quot;caption&quot;:&quot;&quot;,&quot;created_timestamp&quot;:&quot;0&quot;,&quot;copyright&quot;:&quot;&quot;,&quot;focal_length&quot;:&quot;0&quot;,&quot;iso&quot;:&quot;0&quot;,&quot;shutter_speed&quot;:&quot;0&quot;,&quot;title&quot;:&quot;&quot;,&quot;orientation&quot;:&quot;0&quot;}\" data-image-title=\"Ni ogros, ni princesas\" data-image-description=\"\" data-image-caption=\"\" data-medium-file=\"https:\/\/i0.wp.com\/proyectoscprgijon.es\/otrasmiradas\/wp-content\/uploads\/2017\/10\/Ni-ogros-ni-princesas.png?fit=300%2C300&amp;ssl=1\" data-large-file=\"https:\/\/i0.wp.com\/proyectoscprgijon.es\/otrasmiradas\/wp-content\/uploads\/2017\/10\/Ni-ogros-ni-princesas.png?fit=580%2C580&amp;ssl=1\" loading=\"lazy\" class=\"alignnone wp-image-260\" src=\"https:\/\/i0.wp.com\/proyectoscprgijon.es\/otrasmiradas\/wp-content\/uploads\/2017\/10\/Ni-ogros-ni-princesas.png?resize=140%2C140\" alt=\"\" width=\"140\" height=\"140\" srcset=\"https:\/\/i0.wp.com\/proyectoscprgijon.es\/otrasmiradas\/wp-content\/uploads\/2017\/10\/Ni-ogros-ni-princesas.png?resize=300%2C300&amp;ssl=1 300w, https:\/\/i0.wp.com\/proyectoscprgijon.es\/otrasmiradas\/wp-content\/uploads\/2017\/10\/Ni-ogros-ni-princesas.png?resize=150%2C150&amp;ssl=1 150w, https:\/\/i0.wp.com\/proyectoscprgijon.es\/otrasmiradas\/wp-content\/uploads\/2017\/10\/Ni-ogros-ni-princesas.png?resize=24%2C24&amp;ssl=1 24w, https:\/\/i0.wp.com\/proyectoscprgijon.es\/otrasmiradas\/wp-content\/uploads\/2017\/10\/Ni-ogros-ni-princesas.png?resize=36%2C36&amp;ssl=1 36w, https:\/\/i0.wp.com\/proyectoscprgijon.es\/otrasmiradas\/wp-content\/uploads\/2017\/10\/Ni-ogros-ni-princesas.png?resize=48%2C48&amp;ssl=1 48w, https:\/\/i0.wp.com\/proyectoscprgijon.es\/otrasmiradas\/wp-content\/uploads\/2017\/10\/Ni-ogros-ni-princesas.png?w=655&amp;ssl=1 655w\" sizes=\"(max-width: 140px) 100vw, 140px\" data-recalc-dims=\"1\" \/>Gu\u00eda did\u00e1ctica &#8220;Ni ogros ni princesas&#8221;<\/a><\/h5>\n<h2>V\u00eddeos<\/h2>\n<p>Soraya Calvo (Universidad de Oviedo): Sexualidades, vinculaciones emocionales y comunicaci\u00f3n 2.0 (17 de enero de 2018)<\/p>\n<div class=\"arve aligncenter\" data-mode=\"normal\" data-provider=\"youtube\" id=\"arve-youtube-3svf0i3fwtu69d1fafaa9801014856984\" style=\"max-width:400px;\">\n<span class=\"arve-inner\">\n<span class=\"arve-embed arve-embed--has-aspect-ratio\">\n<span class=\"arve-ar\" style=\"padding-top:56.250000%\"><\/span><iframe allow=\"accelerometer; autoplay; clipboard-write; encrypted-media; gyroscope; picture-in-picture\" allowfullscreen class=\"arve-iframe fitvidsignore\" data-arve=\"arve-youtube-3svf0i3fwtu69d1fafaa9801014856984\" data-src-no-ap=\"https:\/\/www.youtube-nocookie.com\/embed\/3SvF0I3FWTU?iv_load_policy=3&amp;modestbranding=1&amp;rel=0&amp;autohide=1&amp;playsinline=0&amp;autoplay=0\" frameborder=\"0\" height=\"225\" sandbox=\"allow-scripts allow-same-origin allow-presentation allow-popups allow-popups-to-escape-sandbox\" scrolling=\"no\" src=\"https:\/\/www.youtube-nocookie.com\/embed\/3SvF0I3FWTU?iv_load_policy=3&#038;modestbranding=1&#038;rel=0&#038;autohide=1&#038;playsinline=0&#038;autoplay=0\" width=\"400\" title=\"Sexualidad, vinculaciones emocionales y comunicaci\u00f3n 2.0\"><\/iframe>\n\n<\/span>\n\n<\/span>\n<script type=\"application\/ld+json\">{\"@context\":\"http:\\\/\\\/schema.org\\\/\",\"@id\":\"https:\\\/\\\/proyectoscprgijon.es\\\/otrasmiradas\\\/igualdad\\\/recursos-didacticos\\\/#arve-youtube-3svf0i3fwtu69d1fafaa9801014856984\",\"type\":\"VideoObject\",\"embedURL\":\"https:\\\/\\\/www.youtube-nocookie.com\\\/embed\\\/3SvF0I3FWTU?iv_load_policy=3&modestbranding=1&rel=0&autohide=1&playsinline=0&autoplay=0\",\"name\":\"Sexualidad, vinculaciones emocionales y comunicaci\\u00f3n 2.0\"}<\/script>\n<\/div>\n\n<p>Xabier Iturbe (CEIP Lekeitio): La educaci\u00f3n sexual en las primeras etapas. De la teor\u00eda a la pr\u00e1ctica<\/p>\n<div class=\"arve aligncenter\" data-mode=\"normal\" data-provider=\"youtube\" id=\"arve-youtube-tyjf23b1flu69d1fafaaa0ab202860406\" style=\"max-width:400px;\">\n<span class=\"arve-inner\">\n<span class=\"arve-embed arve-embed--has-aspect-ratio\">\n<span class=\"arve-ar\" style=\"padding-top:56.250000%\"><\/span><iframe allow=\"accelerometer; autoplay; clipboard-write; encrypted-media; gyroscope; picture-in-picture\" allowfullscreen class=\"arve-iframe fitvidsignore\" data-arve=\"arve-youtube-tyjf23b1flu69d1fafaaa0ab202860406\" data-src-no-ap=\"https:\/\/www.youtube-nocookie.com\/embed\/tyjf23b1FLU?iv_load_policy=3&amp;modestbranding=1&amp;rel=0&amp;autohide=1&amp;playsinline=0&amp;autoplay=0\" frameborder=\"0\" height=\"225\" sandbox=\"allow-scripts allow-same-origin allow-presentation allow-popups allow-popups-to-escape-sandbox\" scrolling=\"no\" src=\"https:\/\/www.youtube-nocookie.com\/embed\/tyjf23b1FLU?iv_load_policy=3&#038;modestbranding=1&#038;rel=0&#038;autohide=1&#038;playsinline=0&#038;autoplay=0\" width=\"400\" title=\"La educaci\u00f3n sexual en las primeras etapas: de la teor\u00eda a la pr\u00e1ctica\"><\/iframe>\n\n<\/span>\n\n<\/span>\n<script type=\"application\/ld+json\">{\"@context\":\"http:\\\/\\\/schema.org\\\/\",\"@id\":\"https:\\\/\\\/proyectoscprgijon.es\\\/otrasmiradas\\\/igualdad\\\/recursos-didacticos\\\/#arve-youtube-tyjf23b1flu69d1fafaaa0ab202860406\",\"type\":\"VideoObject\",\"embedURL\":\"https:\\\/\\\/www.youtube-nocookie.com\\\/embed\\\/tyjf23b1FLU?iv_load_policy=3&modestbranding=1&rel=0&autohide=1&playsinline=0&autoplay=0\",\"name\":\"La educaci\\u00f3n sexual en las primeras etapas: de la teor\\u00eda a la pr\\u00e1ctica\"}<\/script>\n<\/div>\n\n<p style=\"text-align: left;\">Ver\u00f3nica Fern\u00e1ndez (<a href=\"http:\/\/demeter.grupos.uniovi.es\/\" target=\"_blank\" rel=\"noopener\">Grupo Dem\u00e9ter<\/a>, U. de Oviedo): Desmontando mitos y arquetipos. Implic\u00e1ndonos en construir modelos de relaci\u00f3n igualitaria desde las aulas. (7 de marzo de 2018)<\/p>\n<div class=\"arve aligncenter\" data-mode=\"normal\" data-provider=\"youtube\" id=\"arve-youtube-dcmfoymo5yy69d1fafaaa81d828295770\" style=\"max-width:400px;\">\n<span class=\"arve-inner\">\n<span class=\"arve-embed arve-embed--has-aspect-ratio\">\n<span class=\"arve-ar\" style=\"padding-top:56.250000%\"><\/span><iframe allow=\"accelerometer; autoplay; clipboard-write; encrypted-media; gyroscope; picture-in-picture\" allowfullscreen class=\"arve-iframe fitvidsignore\" data-arve=\"arve-youtube-dcmfoymo5yy69d1fafaaa81d828295770\" data-src-no-ap=\"https:\/\/www.youtube-nocookie.com\/embed\/dCmFOYMo5YY?list=PLiCYL-iaaoWBHZCAYhdXxqPpE45_BXKDU&amp;iv_load_policy=3&amp;modestbranding=1&amp;rel=0&amp;autohide=1&amp;playsinline=0&amp;autoplay=0\" frameborder=\"0\" height=\"225\" sandbox=\"allow-scripts allow-same-origin allow-presentation allow-popups allow-popups-to-escape-sandbox\" scrolling=\"no\" src=\"https:\/\/www.youtube-nocookie.com\/embed\/dCmFOYMo5YY?list=PLiCYL-iaaoWBHZCAYhdXxqPpE45_BXKDU&#038;iv_load_policy=3&#038;modestbranding=1&#038;rel=0&#038;autohide=1&#038;playsinline=0&#038;autoplay=0\" width=\"400\" title=\"Desmontando mitos y arquetipos. Implic\u00e1ndonos en construir modelos de relaci\u00f3n igualitaria desde las aulas\"><\/iframe>\n\n<\/span>\n\n<\/span>\n<script type=\"application\/ld+json\">{\"@context\":\"http:\\\/\\\/schema.org\\\/\",\"@id\":\"https:\\\/\\\/proyectoscprgijon.es\\\/otrasmiradas\\\/igualdad\\\/recursos-didacticos\\\/#arve-youtube-dcmfoymo5yy69d1fafaaa81d828295770\",\"type\":\"VideoObject\",\"embedURL\":\"https:\\\/\\\/www.youtube-nocookie.com\\\/embed\\\/dCmFOYMo5YY?list=PLiCYL-iaaoWBHZCAYhdXxqPpE45_BXKDU&iv_load_policy=3&modestbranding=1&rel=0&autohide=1&playsinline=0&autoplay=0\",\"name\":\"Desmontando mitos y arquetipos. Implic\\u00e1ndonos en construir modelos de relaci\\u00f3n igualitaria desde las aulas\",\"description\":\"formaci\\u00f3n, coeducaci\\u00f3n, unidad formativa, cprgij\\u00f3n, igualdad\"}<\/script>\n<\/div>\n\n<p>La segunda parte incluye reflexiones, recursos y pautas para Educaci\u00f3n Infantil y Primaria. La tercera parte, para Secundaria y Bachillerato. (Pod\u00e9is seleccionar los v\u00eddeos en el men\u00fa arriba a la izquierda, donde pone 1\/3).<\/p>\n","protected":false},"excerpt":{"rendered":"<p>Documentos Abrazar la diversidad. Propuestas para una educaci\u00f3n libre de acoso homof\u00f3bio y transf\u00f3bico Abre los ojos. El amor no es ciego Gu\u00eda did\u00e1ctica &#8220;Yo amo con buenos tratos&#8221; Gu\u00eda did\u00e1ctica &#8220;Ni ogros ni princesas&#8221; V\u00eddeos Soraya Calvo (Universidad de Oviedo): Sexualidades, vinculaciones emocionales y comunicaci\u00f3n 2.0 (17 de enero de 2018) Xabier Iturbe (CEIP [&hellip;]<\/p>\n","protected":false},"author":1,"featured_media":0,"parent":25,"menu_order":0,"comment_status":"closed","ping_status":"closed","template":"templates\/template-fullwidth.php","meta":[],"jetpack_sharing_enabled":true,"jetpack_shortlink":"https:\/\/wp.me\/P9oZGq-t","jetpack_likes_enabled":true,"jetpack-related-posts":[],"_links":{"self":[{"href":"https:\/\/proyectoscprgijon.es\/otrasmiradas\/wp-json\/wp\/v2\/pages\/29"}],"collection":[{"href":"https:\/\/proyectoscprgijon.es\/otrasmiradas\/wp-json\/wp\/v2\/pages"}],"about":[{"href":"https:\/\/proyectoscprgijon.es\/otrasmiradas\/wp-json\/wp\/v2\/types\/page"}],"author":[{"embeddable":true,"href":"https:\/\/proyectoscprgijon.es\/otrasmiradas\/wp-json\/wp\/v2\/users\/1"}],"replies":[{"embeddable":true,"href":"https:\/\/proyectoscprgijon.es\/otrasmiradas\/wp-json\/wp\/v2\/comments?post=29"}],"version-history":[{"count":15,"href":"https:\/\/proyectoscprgijon.es\/otrasmiradas\/wp-json\/wp\/v2\/pages\/29\/revisions"}],"predecessor-version":[{"id":393,"href":"https:\/\/proyectoscprgijon.es\/otrasmiradas\/wp-json\/wp\/v2\/pages\/29\/revisions\/393"}],"up":[{"embeddable":true,"href":"https:\/\/proyectoscprgijon.es\/otrasmiradas\/wp-json\/wp\/v2\/pages\/25"}],"wp:attachment":[{"href":"https:\/\/proyectoscprgijon.es\/otrasmiradas\/wp-json\/wp\/v2\/media?parent=29"}],"curies":[{"name":"wp","href":"https:\/\/api.w.org\/{rel}","templated":true}]}}