{"id":31,"date":"2017-10-09T08:25:21","date_gmt":"2017-10-09T08:25:21","guid":{"rendered":"http:\/\/proyectoscprgijon.es\/otrasmiradas\/?page_id=31"},"modified":"2017-11-23T09:27:09","modified_gmt":"2017-11-23T09:27:09","slug":"recursos-para-la-reflexion","status":"publish","type":"page","link":"https:\/\/proyectoscprgijon.es\/otrasmiradas\/igualdad\/recursos-para-la-reflexion\/","title":{"rendered":"Recursos para la reflexi\u00f3n"},"content":{"rendered":"<h2>V\u00eddeos<\/h2>\n<h5>Ana Mar\u00eda Rivas: El fondo cultural de las desigualdades. G\u00e9nero, parentesco y familia (CPR de Gij\u00f3n-Oriente, 16 de octubre de 2017)<\/h5>\n<div class=\"arve alignleft\" data-mode=\"normal\" data-provider=\"youtube\" id=\"arve-youtube-ua83kz8pjsg69d1f4f43393f936925649\" style=\"max-width:400px;\">\n<span class=\"arve-inner\">\n<span class=\"arve-embed arve-embed--has-aspect-ratio\">\n<span class=\"arve-ar\" style=\"padding-top:56.250000%\"><\/span><iframe allow=\"accelerometer; autoplay; clipboard-write; encrypted-media; gyroscope; picture-in-picture\" allowfullscreen class=\"arve-iframe fitvidsignore\" data-arve=\"arve-youtube-ua83kz8pjsg69d1f4f43393f936925649\" data-src-no-ap=\"https:\/\/www.youtube-nocookie.com\/embed\/Ua83Kz8pJsg?iv_load_policy=3&amp;modestbranding=1&amp;rel=0&amp;autohide=1&amp;playsinline=0&amp;autoplay=0\" frameborder=\"0\" height=\"225\" sandbox=\"allow-scripts allow-same-origin allow-presentation allow-popups allow-popups-to-escape-sandbox\" scrolling=\"no\" src=\"https:\/\/www.youtube-nocookie.com\/embed\/Ua83Kz8pJsg?iv_load_policy=3&#038;modestbranding=1&#038;rel=0&#038;autohide=1&#038;playsinline=0&#038;autoplay=0\" width=\"400\" title=\"Ana M\u00aa Rivas: El fondo cultural de las desigualdades. G\u00e9nero, parentesco y familia\"><\/iframe>\n\n<\/span>\n\n<\/span>\n<script type=\"application\/ld+json\">{\"@context\":\"http:\\\/\\\/schema.org\\\/\",\"@id\":\"https:\\\/\\\/proyectoscprgijon.es\\\/otrasmiradas\\\/igualdad\\\/recursos-para-la-reflexion\\\/#arve-youtube-ua83kz8pjsg69d1f4f43393f936925649\",\"type\":\"VideoObject\",\"embedURL\":\"https:\\\/\\\/www.youtube-nocookie.com\\\/embed\\\/Ua83Kz8pJsg?iv_load_policy=3&modestbranding=1&rel=0&autohide=1&playsinline=0&autoplay=0\",\"name\":\"Ana M\\u00aa Rivas: El fondo cultural de las desigualdades. G\\u00e9nero, parentesco y familia\"}<\/script>\n<\/div>\n\n<p>&nbsp;<\/p>\n<p>&nbsp;<\/p>\n<p>&nbsp;<\/p>\n<p>&nbsp;<\/p>\n<p>&nbsp;<\/p>\n<p>&nbsp;<\/p>\n<h5>Javier Fern\u00e1ndez Teruelo: Evaluaci\u00f3n de la predicci\u00f3n y prevenci\u00f3n frente a la violencia de g\u00e9nero (CPR de Gij\u00f3n-Oriente, 16 de noviembre de 2017)<\/h5>\n<div class=\"arve alignleft\" data-mode=\"normal\" data-provider=\"youtube\" id=\"arve-youtube-x3glzefd0vo69d1f4f4340d1418679116\" style=\"max-width:400px;\">\n<span class=\"arve-inner\">\n<span class=\"arve-embed arve-embed--has-aspect-ratio\">\n<span class=\"arve-ar\" style=\"padding-top:56.250000%\"><\/span><iframe allow=\"accelerometer; autoplay; clipboard-write; encrypted-media; gyroscope; picture-in-picture\" allowfullscreen class=\"arve-iframe fitvidsignore\" data-arve=\"arve-youtube-x3glzefd0vo69d1f4f4340d1418679116\" data-src-no-ap=\"https:\/\/www.youtube-nocookie.com\/embed\/x3Glzefd0Vo?iv_load_policy=3&amp;modestbranding=1&amp;rel=0&amp;autohide=1&amp;playsinline=0&amp;autoplay=0\" frameborder=\"0\" height=\"225\" sandbox=\"allow-scripts allow-same-origin allow-presentation allow-popups allow-popups-to-escape-sandbox\" scrolling=\"no\" src=\"https:\/\/www.youtube-nocookie.com\/embed\/x3Glzefd0Vo?iv_load_policy=3&#038;modestbranding=1&#038;rel=0&#038;autohide=1&#038;playsinline=0&#038;autoplay=0\" width=\"400\" title=\"Javier Fern\u00e1ndez Teruelo: Evaluaci\u00f3n de la predicci\u00f3n y prevenci\u00f3n frente a la violencia de g\u00e9nero\"><\/iframe>\n\n<\/span>\n\n<\/span>\n<script type=\"application\/ld+json\">{\"@context\":\"http:\\\/\\\/schema.org\\\/\",\"@id\":\"https:\\\/\\\/proyectoscprgijon.es\\\/otrasmiradas\\\/igualdad\\\/recursos-para-la-reflexion\\\/#arve-youtube-x3glzefd0vo69d1f4f4340d1418679116\",\"type\":\"VideoObject\",\"embedURL\":\"https:\\\/\\\/www.youtube-nocookie.com\\\/embed\\\/x3Glzefd0Vo?iv_load_policy=3&modestbranding=1&rel=0&autohide=1&playsinline=0&autoplay=0\",\"name\":\"Javier Fern\\u00e1ndez Teruelo: Evaluaci\\u00f3n de la predicci\\u00f3n y prevenci\\u00f3n frente a la violencia de g\\u00e9nero\"}<\/script>\n<\/div>\n\n<p>&nbsp;<\/p>\n<p>&nbsp;<\/p>\n<p>&nbsp;<\/p>\n<p>&nbsp;<\/p>\n<p>&nbsp;<\/p>\n<p>&nbsp;<\/p>\n<h5>Mar\u00eda Antonia Caro: Prevenci\u00f3n del sexismo y la violencia de g\u00e9nero desde la educaci\u00f3n (CPR de Gij\u00f3n-Oriente, 16 de noviembre de 2017)<\/h5>\n<div class=\"arve alignleft\" data-mode=\"normal\" data-provider=\"youtube\" id=\"arve-youtube-e8wwzylaagg69d1f4f4347ec873042279\" style=\"max-width:400px;\">\n<span class=\"arve-inner\">\n<span class=\"arve-embed arve-embed--has-aspect-ratio\">\n<span class=\"arve-ar\" style=\"padding-top:56.250000%\"><\/span><iframe allow=\"accelerometer; autoplay; clipboard-write; encrypted-media; gyroscope; picture-in-picture\" allowfullscreen class=\"arve-iframe fitvidsignore\" data-arve=\"arve-youtube-e8wwzylaagg69d1f4f4347ec873042279\" data-src-no-ap=\"https:\/\/www.youtube-nocookie.com\/embed\/E8wwZYLAAgg?iv_load_policy=3&amp;modestbranding=1&amp;rel=0&amp;autohide=1&amp;playsinline=0&amp;autoplay=0\" frameborder=\"0\" height=\"225\" sandbox=\"allow-scripts allow-same-origin allow-presentation allow-popups allow-popups-to-escape-sandbox\" scrolling=\"no\" src=\"https:\/\/www.youtube-nocookie.com\/embed\/E8wwZYLAAgg?iv_load_policy=3&#038;modestbranding=1&#038;rel=0&#038;autohide=1&#038;playsinline=0&#038;autoplay=0\" width=\"400\" title=\"M\u00aa Antonia Caro: Prevenci\u00f3n del sexismo y la violencia de g\u00e9nero desde la educaci\u00f3n\"><\/iframe>\n\n<\/span>\n\n<\/span>\n<script type=\"application\/ld+json\">{\"@context\":\"http:\\\/\\\/schema.org\\\/\",\"@id\":\"https:\\\/\\\/proyectoscprgijon.es\\\/otrasmiradas\\\/igualdad\\\/recursos-para-la-reflexion\\\/#arve-youtube-e8wwzylaagg69d1f4f4347ec873042279\",\"type\":\"VideoObject\",\"embedURL\":\"https:\\\/\\\/www.youtube-nocookie.com\\\/embed\\\/E8wwZYLAAgg?iv_load_policy=3&modestbranding=1&rel=0&autohide=1&playsinline=0&autoplay=0\",\"name\":\"M\\u00aa Antonia Caro: Prevenci\\u00f3n del sexismo y la violencia de g\\u00e9nero desde la educaci\\u00f3n\"}<\/script>\n<\/div>\n\n<p>&nbsp;<\/p>\n<p>&nbsp;<\/p>\n<p>&nbsp;<\/p>\n<p>&nbsp;<\/p>\n<p>&nbsp;<\/p>\n<p>&nbsp;<\/p>\n<h5>Rosario Gonz\u00e1lez Arias: La educaci\u00f3n en igualdad como estrategia para la prevenci\u00f3n de violencias machistas (CPR de Gij\u00f3n-Oriente, 16 de noviembre de 2017)<\/h5>\n<div class=\"arve alignleft\" data-mode=\"normal\" data-provider=\"youtube\" id=\"arve-youtube-gytfuzbxpos69d1f4f434ef5507854517\" style=\"max-width:400px;\">\n<span class=\"arve-inner\">\n<span class=\"arve-embed arve-embed--has-aspect-ratio\">\n<span class=\"arve-ar\" style=\"padding-top:56.250000%\"><\/span><iframe allow=\"accelerometer; autoplay; clipboard-write; encrypted-media; gyroscope; picture-in-picture\" allowfullscreen class=\"arve-iframe fitvidsignore\" data-arve=\"arve-youtube-gytfuzbxpos69d1f4f434ef5507854517\" data-src-no-ap=\"https:\/\/www.youtube-nocookie.com\/embed\/GYtFUZbxpOs?iv_load_policy=3&amp;modestbranding=1&amp;rel=0&amp;autohide=1&amp;playsinline=0&amp;autoplay=0\" frameborder=\"0\" height=\"225\" sandbox=\"allow-scripts allow-same-origin allow-presentation allow-popups allow-popups-to-escape-sandbox\" scrolling=\"no\" src=\"https:\/\/www.youtube-nocookie.com\/embed\/GYtFUZbxpOs?iv_load_policy=3&#038;modestbranding=1&#038;rel=0&#038;autohide=1&#038;playsinline=0&#038;autoplay=0\" width=\"400\" title=\"Rosario Gonz\u00e1lez Arias: La educaci\u00f3n en igualdad como estrategia para la prevenci\u00f3n de violencias machistas\"><\/iframe>\n\n<\/span>\n\n<\/span>\n<script type=\"application\/ld+json\">{\"@context\":\"http:\\\/\\\/schema.org\\\/\",\"@id\":\"https:\\\/\\\/proyectoscprgijon.es\\\/otrasmiradas\\\/igualdad\\\/recursos-para-la-reflexion\\\/#arve-youtube-gytfuzbxpos69d1f4f434ef5507854517\",\"type\":\"VideoObject\",\"embedURL\":\"https:\\\/\\\/www.youtube-nocookie.com\\\/embed\\\/GYtFUZbxpOs?iv_load_policy=3&modestbranding=1&rel=0&autohide=1&playsinline=0&autoplay=0\",\"name\":\"Rosario Gonz\\u00e1lez Arias: La educaci\\u00f3n en igualdad como estrategia para la prevenci\\u00f3n de violencias machistas\",\"description\":\"Unidad formativa 25N\"}<\/script>\n<\/div>\n\n<p>&nbsp;<\/p>\n<p>&nbsp;<\/p>\n<p>&nbsp;<\/p>\n<p>&nbsp;<\/p>\n<p>&nbsp;<\/p>\n<p>&nbsp;<\/p>\n<h2>Documentos<\/h2>\n<h5><a href=\"https:\/\/drive.google.com\/file\/d\/0B6FaXl0Op16fazNlLVRmX2ptbEE\/view?usp=sharing\">J\u00f3venes y violencia sexista. Alarmas, profec\u00edas y realidades<\/a><\/h5>\n","protected":false},"excerpt":{"rendered":"<p>V\u00eddeos Ana Mar\u00eda Rivas: El fondo cultural de las desigualdades. G\u00e9nero, parentesco y familia (CPR de Gij\u00f3n-Oriente, 16 de octubre de 2017) &nbsp; &nbsp; &nbsp; &nbsp; &nbsp; &nbsp; Javier Fern\u00e1ndez Teruelo: Evaluaci\u00f3n de la predicci\u00f3n y prevenci\u00f3n frente a la violencia de g\u00e9nero (CPR de Gij\u00f3n-Oriente, 16 de noviembre de 2017) &nbsp; &nbsp; &nbsp; &nbsp; [&hellip;]<\/p>\n","protected":false},"author":1,"featured_media":0,"parent":25,"menu_order":0,"comment_status":"closed","ping_status":"closed","template":"templates\/template-fullwidth.php","meta":[],"jetpack_sharing_enabled":true,"jetpack_shortlink":"https:\/\/wp.me\/P9oZGq-v","jetpack_likes_enabled":true,"jetpack-related-posts":[{"id":470,"url":"https:\/\/proyectoscprgijon.es\/otrasmiradas\/el-proyecto\/","url_meta":{"origin":31,"position":0},"title":"El proyecto","date":"26 julio, 2018","format":false,"excerpt":"El proyecto \u201cOtras miradas. Educando en Igualdad y prevenci\u00f3n de la Violencia de G\u00e9nero\u201d es una iniciativa del CPR de Gij\u00f3n-Oriente y la Oficina de Pol\u00edticas de Igualdad del Ayuntamiento de Gij\u00f3n. Su finalidad es facilitar el dise\u00f1o y desarrollo de proyectos en los centros educativos de Gij\u00f3n para la\u2026","rel":"","context":"Entrada similar","img":{"alt_text":"","src":"https:\/\/i0.wp.com\/proyectoscprgijon.es\/otrasmiradas\/wp-content\/uploads\/2017\/10\/c243x204_v1_otras.jpg?resize=350%2C200","width":350,"height":200},"classes":[]},{"id":33,"url":"https:\/\/proyectoscprgijon.es\/otrasmiradas\/aprendizaje-servicio\/recursos-para-la-reflexion\/","url_meta":{"origin":31,"position":1},"title":"Recursos para la reflexi\u00f3n","date":"9 octubre, 2017","format":false,"excerpt":"Documentos Canvas Aprendizaje-Servicio (haz click para descargar) Dec\u00e1logo ApS e Igualdad de g\u00e9nero (haz click para descargar) V\u00eddeos Introducci\u00f3n a la metodolog\u00eda ApS (CPR de Gij\u00f3n-Oriente, 10 de octubre de 2017) Desarrollo de un proyecto ApS (CPR de Gij\u00f3n-Oriente, 16 de enero de 2018)","rel":"","context":"Entrada similar","img":{"alt_text":"","src":"","width":0,"height":0},"classes":[]},{"id":29,"url":"https:\/\/proyectoscprgijon.es\/otrasmiradas\/igualdad\/recursos-didacticos\/","url_meta":{"origin":31,"position":2},"title":"Recursos did\u00e1cticos","date":"9 octubre, 2017","format":false,"excerpt":"Documentos Abrazar la diversidad. Propuestas para una educaci\u00f3n libre de acoso homof\u00f3bio y transf\u00f3bico Abre los ojos. El amor no es ciego Gu\u00eda did\u00e1ctica \"Yo amo con buenos tratos\" Gu\u00eda did\u00e1ctica \"Ni ogros ni princesas\" V\u00eddeos Soraya Calvo (Universidad de Oviedo): Sexualidades, vinculaciones emocionales y comunicaci\u00f3n 2.0 (17 de enero\u2026","rel":"","context":"Entrada similar","img":{"alt_text":"","src":"","width":0,"height":0},"classes":[]}],"_links":{"self":[{"href":"https:\/\/proyectoscprgijon.es\/otrasmiradas\/wp-json\/wp\/v2\/pages\/31"}],"collection":[{"href":"https:\/\/proyectoscprgijon.es\/otrasmiradas\/wp-json\/wp\/v2\/pages"}],"about":[{"href":"https:\/\/proyectoscprgijon.es\/otrasmiradas\/wp-json\/wp\/v2\/types\/page"}],"author":[{"embeddable":true,"href":"https:\/\/proyectoscprgijon.es\/otrasmiradas\/wp-json\/wp\/v2\/users\/1"}],"replies":[{"embeddable":true,"href":"https:\/\/proyectoscprgijon.es\/otrasmiradas\/wp-json\/wp\/v2\/comments?post=31"}],"version-history":[{"count":11,"href":"https:\/\/proyectoscprgijon.es\/otrasmiradas\/wp-json\/wp\/v2\/pages\/31\/revisions"}],"predecessor-version":[{"id":296,"href":"https:\/\/proyectoscprgijon.es\/otrasmiradas\/wp-json\/wp\/v2\/pages\/31\/revisions\/296"}],"up":[{"embeddable":true,"href":"https:\/\/proyectoscprgijon.es\/otrasmiradas\/wp-json\/wp\/v2\/pages\/25"}],"wp:attachment":[{"href":"https:\/\/proyectoscprgijon.es\/otrasmiradas\/wp-json\/wp\/v2\/media?parent=31"}],"curies":[{"name":"wp","href":"https:\/\/api.w.org\/{rel}","templated":true}]}}