{"id":33,"date":"2017-10-09T08:26:14","date_gmt":"2017-10-09T08:26:14","guid":{"rendered":"http:\/\/proyectoscprgijon.es\/otrasmiradas\/?page_id=33"},"modified":"2019-05-08T08:06:57","modified_gmt":"2019-05-08T08:06:57","slug":"recursos-para-la-reflexion","status":"publish","type":"page","link":"https:\/\/proyectoscprgijon.es\/otrasmiradas\/aprendizaje-servicio\/recursos-para-la-reflexion\/","title":{"rendered":"Recursos para la reflexi\u00f3n"},"content":{"rendered":"\n<h2>Documentos<\/h2>\n\n\n\n<p><a rel=\"noreferrer noopener\" aria-label=\"\u00a0Canvas Aprendizaje-Servicio (opens in a new tab)\" href=\"http:\/\/proyectoscprgijon.es\/otrasmiradas\/wp-content\/uploads\/2019\/05\/Canvas-ApS.pdf\" target=\"_blank\">Canvas Aprendizaje-Servicio<\/a> (haz click para descargar)<\/p>\n\n\n<a href=\"https:\/\/proyectoscprgijon.es\/otrasmiradas\/wp-content\/uploads\/2019\/05\/Canvas-ApS.pdf\" class=\"pdfemb-viewer\" style=\"\" data-width=\"max\" data-height=\"max\"  data-toolbar=\"bottom\" data-toolbar-fixed=\"off\">Canvas-ApS<br\/><\/a>\n<p class=\"wp-block-pdfemb-pdf-embedder-viewer\"><\/p>\n\n\n\n<p><a rel=\"noreferrer noopener\" aria-label=\"Dec\u00e1logo ApS e Igualdad de g\u00e9nero (opens in a new tab)\" href=\"http:\/\/proyectoscprgijon.es\/otrasmiradas\/wp-content\/uploads\/2019\/05\/Dec\u00e1logo-G\u00e9nero.pdf\" target=\"_blank\">Dec\u00e1logo ApS e Igualdad de g\u00e9nero<\/a> (haz click para descargar)<\/p>\n\n\n<a href=\"https:\/\/proyectoscprgijon.es\/otrasmiradas\/wp-content\/uploads\/2019\/05\/Dec\u00e1logo-G\u00e9nero.pdf\" class=\"pdfemb-viewer\" style=\"\" data-width=\"max\" data-height=\"max\"  data-toolbar=\"bottom\" data-toolbar-fixed=\"off\">Dec\u00e1logo-G\u00e9nero<br\/><\/a>\n<p class=\"wp-block-pdfemb-pdf-embedder-viewer\"><\/p>\n\n\n\n<h2>V\u00eddeos<\/h2>\n\n\n\n<h5>Introducci\u00f3n a la metodolog\u00eda ApS (CPR de Gij\u00f3n-Oriente, 10 de octubre de 2017)<\/h5>\n\n\n\n<div class=\"video-container\"><figure><iframe loading=\"lazy\" src=\"https:\/\/www.youtube.com\/embed\/videoseries?list=PLiCYL-iaaoWDA8sLJmmb4gptrDAtVdpLG\" allowfullscreen=\"allowfullscreen\" width=\"400\" height=\"225\" frameborder=\"1\"><\/iframe><\/figure><\/div>\n\n\n\n<h5>Desarrollo de un proyecto ApS (CPR de Gij\u00f3n-Oriente, 16 de enero de 2018)<\/h5>\n\n\n\n<div class=\"video-container\"><figure><iframe loading=\"lazy\" src=\"https:\/\/www.youtube.com\/embed\/videoseries?list=PLiCYL-iaaoWAyQ5iFKQ9S_McopBGmwa9Z\" allowfullscreen=\"allowfullscreen\" width=\"400\" height=\"225\" frameborder=\"0\"><\/iframe><\/figure><\/div>\n","protected":false},"excerpt":{"rendered":"<p>Documentos Canvas Aprendizaje-Servicio (haz click para descargar) Dec\u00e1logo ApS e Igualdad de g\u00e9nero (haz click para descargar) V\u00eddeos Introducci\u00f3n a la metodolog\u00eda ApS (CPR de Gij\u00f3n-Oriente, 10 de octubre de 2017) Desarrollo de un proyecto ApS (CPR de Gij\u00f3n-Oriente, 16 de enero de 2018)<\/p>\n","protected":false},"author":1,"featured_media":0,"parent":23,"menu_order":0,"comment_status":"closed","ping_status":"closed","template":"templates\/template-fullwidth.php","meta":[],"jetpack_sharing_enabled":true,"jetpack_shortlink":"https:\/\/wp.me\/P9oZGq-x","jetpack_likes_enabled":true,"jetpack-related-posts":[{"id":470,"url":"https:\/\/proyectoscprgijon.es\/otrasmiradas\/el-proyecto\/","url_meta":{"origin":33,"position":0},"title":"El proyecto","date":"26 julio, 2018","format":false,"excerpt":"El proyecto \u201cOtras miradas. Educando en Igualdad y prevenci\u00f3n de la Violencia de G\u00e9nero\u201d es una iniciativa del CPR de Gij\u00f3n-Oriente y la Oficina de Pol\u00edticas de Igualdad del Ayuntamiento de Gij\u00f3n. Su finalidad es facilitar el dise\u00f1o y desarrollo de proyectos en los centros educativos de Gij\u00f3n para la\u2026","rel":"","context":"Entrada similar","img":{"alt_text":"","src":"https:\/\/i0.wp.com\/proyectoscprgijon.es\/otrasmiradas\/wp-content\/uploads\/2017\/10\/c243x204_v1_otras.jpg?resize=350%2C200","width":350,"height":200},"classes":[]},{"id":31,"url":"https:\/\/proyectoscprgijon.es\/otrasmiradas\/igualdad\/recursos-para-la-reflexion\/","url_meta":{"origin":33,"position":1},"title":"Recursos para la reflexi\u00f3n","date":"9 octubre, 2017","format":false,"excerpt":"V\u00eddeos Ana Mar\u00eda Rivas: El fondo cultural de las desigualdades. G\u00e9nero, parentesco y familia (CPR de Gij\u00f3n-Oriente, 16 de octubre de 2017) \u00a0 \u00a0 \u00a0 \u00a0 \u00a0 \u00a0 Javier Fern\u00e1ndez Teruelo: Evaluaci\u00f3n de la predicci\u00f3n y prevenci\u00f3n frente a la violencia de g\u00e9nero (CPR de Gij\u00f3n-Oriente, 16 de noviembre de\u2026","rel":"","context":"Entrada similar","img":{"alt_text":"","src":"","width":0,"height":0},"classes":[]},{"id":29,"url":"https:\/\/proyectoscprgijon.es\/otrasmiradas\/igualdad\/recursos-didacticos\/","url_meta":{"origin":33,"position":2},"title":"Recursos did\u00e1cticos","date":"9 octubre, 2017","format":false,"excerpt":"Documentos Abrazar la diversidad. Propuestas para una educaci\u00f3n libre de acoso homof\u00f3bio y transf\u00f3bico Abre los ojos. El amor no es ciego Gu\u00eda did\u00e1ctica \"Yo amo con buenos tratos\" Gu\u00eda did\u00e1ctica \"Ni ogros ni princesas\" V\u00eddeos Soraya Calvo (Universidad de Oviedo): Sexualidades, vinculaciones emocionales y comunicaci\u00f3n 2.0 (17 de enero\u2026","rel":"","context":"Entrada similar","img":{"alt_text":"","src":"","width":0,"height":0},"classes":[]},{"id":23,"url":"https:\/\/proyectoscprgijon.es\/otrasmiradas\/aprendizaje-servicio\/","url_meta":{"origin":33,"position":3},"title":"Aprendizaje servicio","date":"9 octubre, 2017","format":false,"excerpt":"Nadie mejor que la Red espa\u00f1ola de aprendizaje-servicio para explicarnos esta metodolog\u00eda did\u00e1ctica.","rel":"","context":"Entrada similar","img":{"alt_text":"","src":"","width":0,"height":0},"classes":[]},{"id":27,"url":"https:\/\/proyectoscprgijon.es\/otrasmiradas\/gestion\/","url_meta":{"origin":33,"position":4},"title":"\u00c1rea privada","date":"9 octubre, 2017","format":false,"excerpt":"D\u00edptico de sesiones formativas Modelos de documentos para el proyecto En construcci\u00f3n.","rel":"","context":"Entrada similar","img":{"alt_text":"","src":"","width":0,"height":0},"classes":[]},{"id":15,"url":"https:\/\/proyectoscprgijon.es\/otrasmiradas\/","url_meta":{"origin":33,"position":5},"title":"Inicio","date":"9 octubre, 2017","format":false,"excerpt":"Una vez terminado el proyecto en su edici\u00f3n 2018\/2019, aqu\u00ed ten\u00e9is un resumen de los proyectos realizados por los centros. Para m\u00e1s informaci\u00f3n de cada uno de ellos,\u00a0 pod\u00e9is visitar su entrada en la secci\u00f3n Centros Participantes.","rel":"","context":"Entrada similar","img":{"alt_text":"","src":"","width":0,"height":0},"classes":[]}],"_links":{"self":[{"href":"https:\/\/proyectoscprgijon.es\/otrasmiradas\/wp-json\/wp\/v2\/pages\/33"}],"collection":[{"href":"https:\/\/proyectoscprgijon.es\/otrasmiradas\/wp-json\/wp\/v2\/pages"}],"about":[{"href":"https:\/\/proyectoscprgijon.es\/otrasmiradas\/wp-json\/wp\/v2\/types\/page"}],"author":[{"embeddable":true,"href":"https:\/\/proyectoscprgijon.es\/otrasmiradas\/wp-json\/wp\/v2\/users\/1"}],"replies":[{"embeddable":true,"href":"https:\/\/proyectoscprgijon.es\/otrasmiradas\/wp-json\/wp\/v2\/comments?post=33"}],"version-history":[{"count":39,"href":"https:\/\/proyectoscprgijon.es\/otrasmiradas\/wp-json\/wp\/v2\/pages\/33\/revisions"}],"predecessor-version":[{"id":573,"href":"https:\/\/proyectoscprgijon.es\/otrasmiradas\/wp-json\/wp\/v2\/pages\/33\/revisions\/573"}],"up":[{"embeddable":true,"href":"https:\/\/proyectoscprgijon.es\/otrasmiradas\/wp-json\/wp\/v2\/pages\/23"}],"wp:attachment":[{"href":"https:\/\/proyectoscprgijon.es\/otrasmiradas\/wp-json\/wp\/v2\/media?parent=33"}],"curies":[{"name":"wp","href":"https:\/\/api.w.org\/{rel}","templated":true}]}}