{"id":41,"date":"2017-10-09T08:27:55","date_gmt":"2017-10-09T08:27:55","guid":{"rendered":"http:\/\/proyectoscprgijon.es\/otrasmiradas\/?page_id=41"},"modified":"2018-03-14T12:48:41","modified_gmt":"2018-03-14T12:48:41","slug":"centros","status":"publish","type":"page","link":"https:\/\/proyectoscprgijon.es\/otrasmiradas\/centros\/","title":{"rendered":"Centros participantes"},"content":{"rendered":"<p>Muchas gracias por interesarte por los proyectos de los centros. Este contenido estar\u00e1 disponible pr\u00f3ximamente.<\/p>","protected":false},"excerpt":{"rendered":"<p>Muchas gracias por interesarte por los proyectos de los centros. Este contenido estar\u00e1 disponible pr\u00f3ximamente.<\/p>\n","protected":false},"author":1,"featured_media":0,"parent":0,"menu_order":0,"comment_status":"closed","ping_status":"closed","template":"templates\/template-fullwidth.php","meta":[],"jetpack_sharing_enabled":true,"jetpack_shortlink":"https:\/\/wp.me\/P9oZGq-F","jetpack_likes_enabled":true,"jetpack-related-posts":[{"id":523,"url":"https:\/\/proyectoscprgijon.es\/otrasmiradas\/centros-2\/","url_meta":{"origin":41,"position":0},"title":"Centros participantes 2018\/2019","date":"27 diciembre, 2018","format":false,"excerpt":"","rel":"","context":"Entrada similar","img":{"alt_text":"","src":"","width":0,"height":0},"classes":[]},{"id":394,"url":"https:\/\/proyectoscprgijon.es\/otrasmiradas\/proyectos\/","url_meta":{"origin":41,"position":1},"title":"Proyectos","date":"14 marzo, 2018","format":false,"excerpt":"","rel":"","context":"Entrada similar","img":{"alt_text":"","src":"","width":0,"height":0},"classes":[]},{"id":15,"url":"https:\/\/proyectoscprgijon.es\/otrasmiradas\/","url_meta":{"origin":41,"position":2},"title":"Inicio","date":"9 octubre, 2017","format":false,"excerpt":"Una vez terminado el proyecto en su edici\u00f3n 2018\/2019, aqu\u00ed ten\u00e9is un resumen de los proyectos realizados por los centros. Para m\u00e1s informaci\u00f3n de cada uno de ellos,\u00a0 pod\u00e9is visitar su entrada en la secci\u00f3n Centros Participantes.","rel":"","context":"Entrada similar","img":{"alt_text":"","src":"","width":0,"height":0},"classes":[]},{"id":470,"url":"https:\/\/proyectoscprgijon.es\/otrasmiradas\/el-proyecto\/","url_meta":{"origin":41,"position":3},"title":"El proyecto","date":"26 julio, 2018","format":false,"excerpt":"El proyecto \u201cOtras miradas. Educando en Igualdad y prevenci\u00f3n de la Violencia de G\u00e9nero\u201d es una iniciativa del CPR de Gij\u00f3n-Oriente y la Oficina de Pol\u00edticas de Igualdad del Ayuntamiento de Gij\u00f3n. Su finalidad es facilitar el dise\u00f1o y desarrollo de proyectos en los centros educativos de Gij\u00f3n para la\u2026","rel":"","context":"Entrada similar","img":{"alt_text":"","src":"https:\/\/i0.wp.com\/proyectoscprgijon.es\/otrasmiradas\/wp-content\/uploads\/2017\/10\/c243x204_v1_otras.jpg?resize=350%2C200","width":350,"height":200},"classes":[]},{"id":90,"url":"https:\/\/proyectoscprgijon.es\/otrasmiradas\/registration\/","url_meta":{"origin":41,"position":4},"title":"Alta de usuarios","date":"10 octubre, 2017","format":false,"excerpt":"","rel":"","context":"Entrada similar","img":{"alt_text":"","src":"","width":0,"height":0},"classes":[]}],"_links":{"self":[{"href":"https:\/\/proyectoscprgijon.es\/otrasmiradas\/wp-json\/wp\/v2\/pages\/41"}],"collection":[{"href":"https:\/\/proyectoscprgijon.es\/otrasmiradas\/wp-json\/wp\/v2\/pages"}],"about":[{"href":"https:\/\/proyectoscprgijon.es\/otrasmiradas\/wp-json\/wp\/v2\/types\/page"}],"author":[{"embeddable":true,"href":"https:\/\/proyectoscprgijon.es\/otrasmiradas\/wp-json\/wp\/v2\/users\/1"}],"replies":[{"embeddable":true,"href":"https:\/\/proyectoscprgijon.es\/otrasmiradas\/wp-json\/wp\/v2\/comments?post=41"}],"version-history":[{"count":5,"href":"https:\/\/proyectoscprgijon.es\/otrasmiradas\/wp-json\/wp\/v2\/pages\/41\/revisions"}],"predecessor-version":[{"id":398,"href":"https:\/\/proyectoscprgijon.es\/otrasmiradas\/wp-json\/wp\/v2\/pages\/41\/revisions\/398"}],"wp:attachment":[{"href":"https:\/\/proyectoscprgijon.es\/otrasmiradas\/wp-json\/wp\/v2\/media?parent=41"}],"curies":[{"name":"wp","href":"https:\/\/api.w.org\/{rel}","templated":true}]}}