{"id":470,"date":"2018-07-26T07:58:47","date_gmt":"2018-07-26T07:58:47","guid":{"rendered":"http:\/\/proyectoscprgijon.es\/otrasmiradas\/?page_id=470"},"modified":"2018-07-26T07:58:47","modified_gmt":"2018-07-26T07:58:47","slug":"el-proyecto","status":"publish","type":"page","link":"https:\/\/proyectoscprgijon.es\/otrasmiradas\/el-proyecto\/","title":{"rendered":"El proyecto"},"content":{"rendered":"<p><img data-attachment-id=\"16\" data-permalink=\"https:\/\/proyectoscprgijon.es\/otrasmiradas\/inicio\/c243x204_v1_otras\/\" data-orig-file=\"https:\/\/i0.wp.com\/proyectoscprgijon.es\/otrasmiradas\/wp-content\/uploads\/2017\/10\/c243x204_v1_otras.jpg?fit=243%2C204&amp;ssl=1\" data-orig-size=\"243,204\" data-comments-opened=\"1\" data-image-meta=\"{&quot;aperture&quot;:&quot;0&quot;,&quot;credit&quot;:&quot;&quot;,&quot;camera&quot;:&quot;&quot;,&quot;caption&quot;:&quot;&quot;,&quot;created_timestamp&quot;:&quot;0&quot;,&quot;copyright&quot;:&quot;&quot;,&quot;focal_length&quot;:&quot;0&quot;,&quot;iso&quot;:&quot;0&quot;,&quot;shutter_speed&quot;:&quot;0&quot;,&quot;title&quot;:&quot;&quot;,&quot;orientation&quot;:&quot;0&quot;}\" data-image-title=\"c243x204_v1_otras\" data-image-description=\"\" data-image-caption=\"\" data-medium-file=\"https:\/\/i0.wp.com\/proyectoscprgijon.es\/otrasmiradas\/wp-content\/uploads\/2017\/10\/c243x204_v1_otras.jpg?fit=243%2C204&amp;ssl=1\" data-large-file=\"https:\/\/i0.wp.com\/proyectoscprgijon.es\/otrasmiradas\/wp-content\/uploads\/2017\/10\/c243x204_v1_otras.jpg?fit=243%2C204&amp;ssl=1\" loading=\"lazy\" class=\"size-full wp-image-16 alignleft\" src=\"https:\/\/i0.wp.com\/proyectoscprgijon.es\/otrasmiradas\/wp-content\/uploads\/2017\/10\/c243x204_v1_otras.jpg?resize=243%2C204\" alt=\"\" width=\"243\" height=\"204\" data-recalc-dims=\"1\" \/><\/p>\n<div style=\"text-align: justify;\">\n<p>El proyecto <strong>\u201cOtras miradas. Educando en Igualdad y prevenci\u00f3n de la Violencia de G\u00e9nero\u201d<\/strong> es una iniciativa del <a href=\"http:\/\/www.cprgijon.es\" target=\"_blank\" rel=\"noopener\">CPR de Gij\u00f3n-Oriente<\/a> y la <a href=\"https:\/\/igualdad.gijon.es\/\" target=\"_blank\" rel=\"noopener\">Oficina de Pol\u00edticas de Igualdad del Ayuntamiento de Gij\u00f3n<\/a>.<\/p>\n<p>Su finalidad es facilitar el dise\u00f1o y desarrollo de proyectos en los centros educativos de Gij\u00f3n para la promoci\u00f3n de valores de igualdad entre mujeres y hombres como uno de los pilares b\u00e1sicos para la erradicaci\u00f3n de la violencia de g\u00e9nero.<\/p>\n<p>Para ello, se plantean diversas intervenciones a lo largo del curso 2017\/2018: la formaci\u00f3n del profesorado en esta materia, la constituci\u00f3n de grupos de trabajo en los centros para dise\u00f1ar y desarrollar un proyecto a trav\u00e9s de la metodolog\u00eda de <a href=\"http:\/\/proyectoscprgijon.es\/otrasmiradas\/aprendizaje-servicio\/\" target=\"_blank\" rel=\"noopener\">Aprendizaje-Servicio<\/a>, la asesor\u00eda continua a los mismos por parte del CPR de Gij\u00f3n-Oriente y la Oficina de Pol\u00edticas de Igualdad, el impulso de experiencias de colaboraci\u00f3n entre el alumnado a partir de su implicaci\u00f3n activa en todo el proceso, la coordinaci\u00f3n con entidades sociales del entorno y la sensibilizaci\u00f3n al conjunto de la poblaci\u00f3n.<\/p>\n<p>La puesta en marcha de este proyecto se justifica por el hecho de que la violencia de g\u00e9nero sigue siendo un grave problema en nuestra sociedad, que vulnera los derechos humanos fundamentales y constituye una de las expresiones m\u00e1s evidentes de la desigualdad de g\u00e9nero.<\/p>\n<p>Consideramos que el \u00e1mbito escolar es uno de los espacios de socializaci\u00f3n y educaci\u00f3n m\u00e1s relevantes para poder avanzar, desde un enfoque integral, en igualdad, gesti\u00f3n de conflictos interpersonales y prevenci\u00f3n de la violencia de g\u00e9nero.<\/p>\n<\/div>\n","protected":false},"excerpt":{"rendered":"<p>El proyecto \u201cOtras miradas. Educando en Igualdad y prevenci\u00f3n de la Violencia de G\u00e9nero\u201d es una iniciativa del CPR de Gij\u00f3n-Oriente y la Oficina de Pol\u00edticas de Igualdad del Ayuntamiento de Gij\u00f3n. Su finalidad es facilitar el dise\u00f1o y desarrollo de proyectos en los centros educativos de Gij\u00f3n para la promoci\u00f3n de valores de igualdad [&hellip;]<\/p>\n","protected":false},"author":1,"featured_media":0,"parent":0,"menu_order":0,"comment_status":"closed","ping_status":"closed","template":"","meta":[],"jetpack_sharing_enabled":true,"jetpack_shortlink":"https:\/\/wp.me\/P9oZGq-7A","jetpack_likes_enabled":true,"jetpack-related-posts":[{"id":31,"url":"https:\/\/proyectoscprgijon.es\/otrasmiradas\/igualdad\/recursos-para-la-reflexion\/","url_meta":{"origin":470,"position":0},"title":"Recursos para la reflexi\u00f3n","date":"9 octubre, 2017","format":false,"excerpt":"V\u00eddeos Ana Mar\u00eda Rivas: El fondo cultural de las desigualdades. G\u00e9nero, parentesco y familia (CPR de Gij\u00f3n-Oriente, 16 de octubre de 2017) \u00a0 \u00a0 \u00a0 \u00a0 \u00a0 \u00a0 Javier Fern\u00e1ndez Teruelo: Evaluaci\u00f3n de la predicci\u00f3n y prevenci\u00f3n frente a la violencia de g\u00e9nero (CPR de Gij\u00f3n-Oriente, 16 de noviembre de\u2026","rel":"","context":"Entrada similar","img":{"alt_text":"","src":"","width":0,"height":0},"classes":[]},{"id":33,"url":"https:\/\/proyectoscprgijon.es\/otrasmiradas\/aprendizaje-servicio\/recursos-para-la-reflexion\/","url_meta":{"origin":470,"position":1},"title":"Recursos para la reflexi\u00f3n","date":"9 octubre, 2017","format":false,"excerpt":"Documentos Canvas Aprendizaje-Servicio (haz click para descargar) Dec\u00e1logo ApS e Igualdad de g\u00e9nero (haz click para descargar) V\u00eddeos Introducci\u00f3n a la metodolog\u00eda ApS (CPR de Gij\u00f3n-Oriente, 10 de octubre de 2017) Desarrollo de un proyecto ApS (CPR de Gij\u00f3n-Oriente, 16 de enero de 2018)","rel":"","context":"Entrada similar","img":{"alt_text":"","src":"","width":0,"height":0},"classes":[]},{"id":29,"url":"https:\/\/proyectoscprgijon.es\/otrasmiradas\/igualdad\/recursos-didacticos\/","url_meta":{"origin":470,"position":2},"title":"Recursos did\u00e1cticos","date":"9 octubre, 2017","format":false,"excerpt":"Documentos Abrazar la diversidad. Propuestas para una educaci\u00f3n libre de acoso homof\u00f3bio y transf\u00f3bico Abre los ojos. El amor no es ciego Gu\u00eda did\u00e1ctica \"Yo amo con buenos tratos\" Gu\u00eda did\u00e1ctica \"Ni ogros ni princesas\" V\u00eddeos Soraya Calvo (Universidad de Oviedo): Sexualidades, vinculaciones emocionales y comunicaci\u00f3n 2.0 (17 de enero\u2026","rel":"","context":"Entrada similar","img":{"alt_text":"","src":"","width":0,"height":0},"classes":[]},{"id":15,"url":"https:\/\/proyectoscprgijon.es\/otrasmiradas\/","url_meta":{"origin":470,"position":3},"title":"Inicio","date":"9 octubre, 2017","format":false,"excerpt":"Una vez terminado el proyecto en su edici\u00f3n 2018\/2019, aqu\u00ed ten\u00e9is un resumen de los proyectos realizados por los centros. Para m\u00e1s informaci\u00f3n de cada uno de ellos,\u00a0 pod\u00e9is visitar su entrada en la secci\u00f3n Centros Participantes.","rel":"","context":"Entrada similar","img":{"alt_text":"","src":"","width":0,"height":0},"classes":[]},{"id":27,"url":"https:\/\/proyectoscprgijon.es\/otrasmiradas\/gestion\/","url_meta":{"origin":470,"position":4},"title":"\u00c1rea privada","date":"9 octubre, 2017","format":false,"excerpt":"D\u00edptico de sesiones formativas Modelos de documentos para el proyecto En construcci\u00f3n.","rel":"","context":"Entrada similar","img":{"alt_text":"","src":"","width":0,"height":0},"classes":[]},{"id":25,"url":"https:\/\/proyectoscprgijon.es\/otrasmiradas\/igualdad\/","url_meta":{"origin":470,"position":5},"title":"Igualdad","date":"9 octubre, 2017","format":false,"excerpt":"","rel":"","context":"Entrada similar","img":{"alt_text":"","src":"https:\/\/i0.wp.com\/proyectoscprgijon.es\/otrasmiradas\/wp-content\/uploads\/2017\/10\/recursos-didacticos-300x240.png?resize=350%2C200","width":350,"height":200},"classes":[]}],"_links":{"self":[{"href":"https:\/\/proyectoscprgijon.es\/otrasmiradas\/wp-json\/wp\/v2\/pages\/470"}],"collection":[{"href":"https:\/\/proyectoscprgijon.es\/otrasmiradas\/wp-json\/wp\/v2\/pages"}],"about":[{"href":"https:\/\/proyectoscprgijon.es\/otrasmiradas\/wp-json\/wp\/v2\/types\/page"}],"author":[{"embeddable":true,"href":"https:\/\/proyectoscprgijon.es\/otrasmiradas\/wp-json\/wp\/v2\/users\/1"}],"replies":[{"embeddable":true,"href":"https:\/\/proyectoscprgijon.es\/otrasmiradas\/wp-json\/wp\/v2\/comments?post=470"}],"version-history":[{"count":1,"href":"https:\/\/proyectoscprgijon.es\/otrasmiradas\/wp-json\/wp\/v2\/pages\/470\/revisions"}],"predecessor-version":[{"id":471,"href":"https:\/\/proyectoscprgijon.es\/otrasmiradas\/wp-json\/wp\/v2\/pages\/470\/revisions\/471"}],"wp:attachment":[{"href":"https:\/\/proyectoscprgijon.es\/otrasmiradas\/wp-json\/wp\/v2\/media?parent=470"}],"curies":[{"name":"wp","href":"https:\/\/api.w.org\/{rel}","templated":true}]}}